{"id":1102,"date":"2019-10-08T11:55:46","date_gmt":"2019-10-08T09:55:46","guid":{"rendered":"https:\/\/ceinsaual.com\/es\/?page_id=1102"},"modified":"2019-10-08T11:55:47","modified_gmt":"2019-10-08T09:55:47","slug":"politica-de-cookies","status":"publish","type":"page","link":"https:\/\/ceinsaual.com\/es\/politica-de-cookies\/","title":{"rendered":"POL\u00cdTICA DE COOKIES"},"content":{"rendered":"\n<p>1.-&nbsp;<strong>Definici\u00f3n y funci\u00f3n de las cookies.<\/strong><\/p>\n\n\n\n<p>\u00bfQu\u00e9 son las cookies? Una cookie es un archivo que se descarga en su ordenador al acceder a determinadas p\u00e1ginas web. Las cookies permiten a una p\u00e1gina web, entre otras cosas, almacenar y recuperar informaci\u00f3n sobre los h\u00e1bitos de navegaci\u00f3n de un usuario o de su equipo y, dependiendo de la informaci\u00f3n que contengan y de la forma en que utilice su equipo, se pueden utilizar para reconocer el usuario.<\/p>\n\n\n\n<p>2.-&nbsp;<strong>\u00bfQu\u00e9 tipos de cookies utiliza esta p\u00e1gina web?<\/strong><\/p>\n\n\n\n<p>Al navegar por este sitio web se utilizan cookies de sesi\u00f3n y cookies persistentes que, a su vez, pueden ser cookies propias o de terceros.<\/p>\n\n\n\n<p>Las cookies de sesi\u00f3n son cookies dise\u00f1adas para recabar y almacenar datos mientras el usuario accede a una p\u00e1gina web. Se suelen emplear para almacenar informaci\u00f3n que solo interesa conservar para la prestaci\u00f3n del servicio solicitado por el usuario en una sola ocasi\u00f3n.<\/p>\n\n\n\n<p>Las cookies persistentes son un tipo de cookies en el que los datos siguen almacenados en el terminal y a los que se puede acceder y tratar durante un periodo definido por el responsable de la cookie, y que puede ir de unos minutos a varios a\u00f1os.<\/p>\n\n\n\n<ul class=\"wp-block-list\"><li>COOKIES DE TERCEROS: Las administradas por prestadores de servicios de an\u00e1lisis y de redes sociales ajenos a ceinsaual.com<\/li><\/ul>\n\n\n\n<p>A continuaci\u00f3n se detallan tanto los terceros que pueden configurar y acceder a cookies (no exentas de informaci\u00f3n y consentimiento) de su equipo como las finalidades con las que es utilizada la informaci\u00f3n que almacenan:<\/p>\n\n\n\n<p><strong>FINALIDAD<\/strong><\/p>\n\n\n\n<p><a href=\"https:\/\/policies.google.com\/technologies\/types?hl=es\"> Google Analytic <\/a><\/p>\n\n\n\n<p>An\u00e1lisis: Permiten el seguimiento y an\u00e1lisis del comportamiento de los usuarios del sitio web. La informaci\u00f3n recogida se utiliza en la medici\u00f3n de la actividad del sitio web para la elaboraci\u00f3n de perfiles de navegaci\u00f3n de los usuarios, con el fin de introducir mejoras en funci\u00f3n del an\u00e1lisis de los datos de uso que hacen los usuarios del servicio. <\/p>\n\n\n\n<p><a href=\"https:\/\/automattic.com\/es\/cookies\/\"> WordPress <\/a><\/p>\n\n\n\n<p> WordPress: An\u00e1lisis y rendimiento, funcionalidad, Seguridad.<\/p>\n\n\n\n<p>3.-&nbsp;<strong>C\u00f3mo bloquear o eliminar las cookies instaladas<\/strong><\/p>\n\n\n\n<p>Usted puede permitir, bloquear o eliminar las cookies instaladas en su equipo mediante la configuraci\u00f3n de las opciones del navegador instalado. Puede encontrar informaci\u00f3n sobre c\u00f3mo hacerlo, en relaci\u00f3n con los navegadores m\u00e1s comunes, en los links que se incluyen a continuaci\u00f3n:<\/p>\n\n\n\n<ul class=\"wp-block-list\"><li>Explorer: &nbsp;&nbsp; &nbsp;<a href=\"https:\/\/support.microsoft.com\/es-es\/kb\/278835\">https:\/\/support.microsoft.com\/es-es\/kb\/278835<\/a><\/li><li>Chrome:&nbsp;&nbsp;&nbsp;&nbsp; &nbsp;<a href=\"http:\/\/support.google.com\/chrome\/bin\/answer.py?hl=es&amp;answer=95647\">http:\/\/support.google.com\/chrome\/bin\/answer.py?hl=es&amp;answer=95647<\/a><\/li><li>Firefox: &nbsp;&nbsp; &nbsp; &nbsp;<a href=\"https:\/\/support.mozilla.org\/es\/kb\/Borrar%20cookies\">https:\/\/support.mozilla.org\/es\/kb\/Borrar%20cookies<\/a><\/li><li>Safari:&nbsp;&nbsp;&nbsp;&nbsp;&nbsp;&nbsp;&nbsp; &nbsp;<a href=\"http:\/\/support.apple.com\/kb\/ph5042\">http:\/\/support.apple.com\/kb\/ph5042<\/a><\/li><\/ul>\n\n\n\n<p>Le informamos, no obstante, de la posibilidad de que la desactivaci\u00f3n de alguna cookie impida o dificulte la navegaci\u00f3n o la prestaci\u00f3n de los servicios ofrecidos en la p\u00e1gina web.<\/p>\n\n\n\n<p>4.-&nbsp;<strong>Actualizaci\u00f3n de la pol\u00edtica de cookies.<\/strong><\/p>\n\n\n\n<p>Es posible que esta pol\u00edtica de cookies sufra alguna modificaci\u00f3n en funci\u00f3n de exigencias legales, o con la finalidad de adaptar dicha pol\u00edtica a las instrucciones dictadas por la Agencia Espa\u00f1ola de Protecci\u00f3n de Datos.<br><\/p>\n","protected":false},"excerpt":{"rendered":"<p>1.-&nbsp;Definici\u00f3n y funci\u00f3n de las cookies. \u00bfQu\u00e9 son las cookies? Una cookie es un archivo que se descarga en su ordenador al acceder a determinadas p\u00e1ginas web. Las cookies permiten a una p\u00e1gina web, entre otras cosas, almacenar y recuperar informaci\u00f3n sobre los h\u00e1bitos de navegaci\u00f3n de un usuario o de su equipo y, dependiendo&hellip;<\/p>\n","protected":false},"author":1,"featured_media":0,"parent":0,"menu_order":0,"comment_status":"closed","ping_status":"closed","template":"","meta":{"footnotes":"","_links_to":"","_links_to_target":""},"class_list":["post-1102","page","type-page","status-publish","hentry"],"_links":{"self":[{"href":"https:\/\/ceinsaual.com\/es\/wp-json\/wp\/v2\/pages\/1102","targetHints":{"allow":["GET"]}}],"collection":[{"href":"https:\/\/ceinsaual.com\/es\/wp-json\/wp\/v2\/pages"}],"about":[{"href":"https:\/\/ceinsaual.com\/es\/wp-json\/wp\/v2\/types\/page"}],"author":[{"embeddable":true,"href":"https:\/\/ceinsaual.com\/es\/wp-json\/wp\/v2\/users\/1"}],"replies":[{"embeddable":true,"href":"https:\/\/ceinsaual.com\/es\/wp-json\/wp\/v2\/comments?post=1102"}],"version-history":[{"count":2,"href":"https:\/\/ceinsaual.com\/es\/wp-json\/wp\/v2\/pages\/1102\/revisions"}],"predecessor-version":[{"id":1104,"href":"https:\/\/ceinsaual.com\/es\/wp-json\/wp\/v2\/pages\/1102\/revisions\/1104"}],"wp:attachment":[{"href":"https:\/\/ceinsaual.com\/es\/wp-json\/wp\/v2\/media?parent=1102"}],"curies":[{"name":"wp","href":"https:\/\/api.w.org\/{rel}","templated":true}]}}