{"id":1497,"date":"2022-04-07T14:54:43","date_gmt":"2022-04-07T12:54:43","guid":{"rendered":"https:\/\/ceinsaual.com\/es\/?page_id=1497"},"modified":"2022-07-05T17:39:43","modified_gmt":"2022-07-05T15:39:43","slug":"hum-1047","status":"publish","type":"page","link":"https:\/\/ceinsaual.com\/es\/grupos-paidi\/hum-1047\/","title":{"rendered":"HUM-1047: Psicometr\u00eda, Neurociencia y Salud"},"content":{"rendered":"\n<p class=\"has-luminous-vivid-orange-color has-text-color has-medium-font-size\"><a rel=\"noreferrer noopener\" href=\"http:\/\/brujula.ual.es\/research-groups\/149\" target=\"_blank\"><strong>Psicometr\u00eda, Neurociencia y Salud<\/strong><\/a><strong> <\/strong><\/p>\n\n\n\n<h3>Miembros<\/h3>\n\n\n\n<p><a href=\"http:\/\/brujula.ual.es\/authors\/140\">Ca\u00f1adas P\u00e9rez, Fernando<\/a> (Miembro)<\/p>\n\n\n\n<p><a href=\"http:\/\/brujula.ual.es\/authors\/254\">Esteban Garc\u00eda, Laura<\/a> (Miembro)  <\/p>\n\n\n\n<p><a href=\"http:\/\/brujula.ual.es\/authors\/271\">Fern\u00e1ndez Est\u00e9vez, Mar\u00eda de los \u00c1ngeles<\/a> (Investigador Principal)<\/p>\n\n\n\n<p><a href=\"http:\/\/brujula.ual.es\/authors\/391\">Godoy Gim\u00e9nez, Marta<\/a> (Miembro)  <\/p>\n\n\n\n<p><a href=\"http:\/\/brujula.ual.es\/authors\/4054\">Gonz\u00e1lez Rodr\u00edguez, Antonio<\/a> (Miembro)  <\/p>\n\n\n\n<p><a href=\"http:\/\/brujula.ual.es\/authors\/2543\">Lerma Cabrera, Jos\u00e9 Manuel<\/a> (Miembro)  <\/p>\n\n\n\n<p><a href=\"http:\/\/brujula.ual.es\/authors\/927\">Sayans Jim\u00e9nez, Pablo<\/a> (Miembro)  <\/p>\n\n\n\n<p class=\"has-very-light-gray-color has-pale-cyan-blue-background-color has-text-color has-background has-medium-font-size\"><strong><a href=\"https:\/\/ceinsaual.com\/es\/lineas-de-investigacion\/hum-1047-psicometria-neurociencia-y-salud\/\">L\u00edneas de Investigaci\u00f3n<\/a><\/strong><\/p>\n\n\n\n<p class=\"has-very-light-gray-color has-vivid-cyan-blue-background-color has-text-color has-background has-medium-font-size\">M\u00e1s informaci\u00f3n: <a href=\"http:\/\/brujula.ual.es\/research-groups\/149\" target=\"_blank\" rel=\"noreferrer noopener\">www.brujula.ual.es<\/a><\/p>\n","protected":false},"excerpt":{"rendered":"<p>El grupo \u00abPSICOMETR\u00cdA, NEUROCIENCIA Y SALUD\u00bb pertenece al \u00e1rea tem\u00e1tica \u00abHumanidades\u00bb del Plan Andaluz de Investigaci\u00f3n.<\/p>\n","protected":false},"author":1,"featured_media":1608,"parent":472,"menu_order":13,"comment_status":"closed","ping_status":"closed","template":"","meta":{"footnotes":"","_links_to":"","_links_to_target":""},"class_list":["post-1497","page","type-page","status-publish","has-post-thumbnail","hentry"],"_links":{"self":[{"href":"https:\/\/ceinsaual.com\/es\/wp-json\/wp\/v2\/pages\/1497","targetHints":{"allow":["GET"]}}],"collection":[{"href":"https:\/\/ceinsaual.com\/es\/wp-json\/wp\/v2\/pages"}],"about":[{"href":"https:\/\/ceinsaual.com\/es\/wp-json\/wp\/v2\/types\/page"}],"author":[{"embeddable":true,"href":"https:\/\/ceinsaual.com\/es\/wp-json\/wp\/v2\/users\/1"}],"replies":[{"embeddable":true,"href":"https:\/\/ceinsaual.com\/es\/wp-json\/wp\/v2\/comments?post=1497"}],"version-history":[{"count":11,"href":"https:\/\/ceinsaual.com\/es\/wp-json\/wp\/v2\/pages\/1497\/revisions"}],"predecessor-version":[{"id":1655,"href":"https:\/\/ceinsaual.com\/es\/wp-json\/wp\/v2\/pages\/1497\/revisions\/1655"}],"up":[{"embeddable":true,"href":"https:\/\/ceinsaual.com\/es\/wp-json\/wp\/v2\/pages\/472"}],"wp:featuredmedia":[{"embeddable":true,"href":"https:\/\/ceinsaual.com\/es\/wp-json\/wp\/v2\/media\/1608"}],"wp:attachment":[{"href":"https:\/\/ceinsaual.com\/es\/wp-json\/wp\/v2\/media?parent=1497"}],"curies":[{"name":"wp","href":"https:\/\/api.w.org\/{rel}","templated":true}]}}