{"id":1707,"date":"2023-03-08T14:00:49","date_gmt":"2023-03-08T12:00:49","guid":{"rendered":"https:\/\/ceinsaual.com\/es\/?page_id=1707"},"modified":"2023-03-17T13:08:35","modified_gmt":"2023-03-17T11:08:35","slug":"cts-1104-grupo-de-investigacion-tecnohealth","status":"publish","type":"page","link":"https:\/\/ceinsaual.com\/es\/grupos-paidi\/cts-1104-grupo-de-investigacion-tecnohealth\/","title":{"rendered":"CTS-1104: Grupo de Investigaci\u00f3n Tecnohealth"},"content":{"rendered":"\n<p class=\"has-luminous-vivid-orange-color has-text-color has-medium-font-size\">Investigaci\u00f3n Tecnohealth<\/p>\n\n\n\n<p class=\"has-medium-font-size\">Miembros<\/p>\n\n\n\n<p><a href=\"https:\/\/brujula.ual.es\/authors\/178.html\">Castro de Luna, Gracia Mar\u00eda<\/a> (Investigador Principal)  <\/p>\n\n\n\n<p>Cuevas Santamar\u00eda, Diego (Miembro)  <\/p>\n\n\n\n<p>Doncel Fern\u00e1ndez, Carlos Jes\u00fas (Miembro)  <\/p>\n\n\n\n<p><a href=\"https:\/\/brujula.ual.es\/authors\/4166.html\">P\u00e9rez Rueda, Antonio<\/a> (Miembro)  <\/p>\n\n\n\n<p>Alaskar Alani, Hazem (Miembro)  <\/p>\n\n\n\n<p>Bosch Bayard, Jorge (Miembro)  <\/p>\n\n\n\n<p>Jokh Rajab, Bassam Abou (Miembro)  <\/p>\n\n\n\n<p><a href=\"https:\/\/brujula.ual.es\/authors\/4072.html\">Zarauz Moreno, Antonio<\/a> (Miembro)  <\/p>\n\n\n\n<p>S\u00e1nchez Li\u00f1an, Noelia (Miembro)  <\/p>\n\n\n\n<p class=\"has-very-light-gray-color has-pale-cyan-blue-background-color has-text-color has-background has-medium-font-size\"><strong><a href=\"https:\/\/ceinsaual.com\/es\/lineas-de-investigacion\/cts-1104-grupo-de-investigacion-tecnohealth\/\">L\u00edneas de Investigaci\u00f3n<\/a><\/strong><\/p>\n\n\n\n<p class=\"has-very-light-gray-color has-vivid-cyan-blue-background-color has-text-color has-background has-medium-font-size\">M\u00e1s informaci\u00f3n: <a href=\"http:\/\/brujula.ual.es\/research-groups\/4-investigacion-psicoeducativa-y-psicopedagogica\" target=\"_blank\" rel=\"noreferrer noopener\" aria-label=\"www.brujula.ual.es (abre en una nueva pesta\u00f1a)\">www.brujula.ual.es<\/a><\/p>\n","protected":false},"excerpt":{"rendered":"<p>El grupo de investigaci\u00f3n Tecnohealth como su propio nombre indica tiene como objetivo la aplicaci\u00f3n de la tecnolog\u00eda a las Ciencias de la Salud . Este grupo cuenta en su haber con uan patente de reconstrucci\u00f3n de la superficie corneal y un registro de propiedad intelectual de un software para neurorehabilitaci\u00f3n basado en realidad virtual . Adem\u00e1s dos de sus miembros han sido fundadores de una empresa de base tecnol\u00f3gica denominada Neurobia Research <\/p>\n","protected":false},"author":7,"featured_media":1716,"parent":472,"menu_order":6,"comment_status":"closed","ping_status":"closed","template":"","meta":{"footnotes":"","_links_to":"","_links_to_target":""},"class_list":["post-1707","page","type-page","status-publish","has-post-thumbnail","hentry"],"_links":{"self":[{"href":"https:\/\/ceinsaual.com\/es\/wp-json\/wp\/v2\/pages\/1707","targetHints":{"allow":["GET"]}}],"collection":[{"href":"https:\/\/ceinsaual.com\/es\/wp-json\/wp\/v2\/pages"}],"about":[{"href":"https:\/\/ceinsaual.com\/es\/wp-json\/wp\/v2\/types\/page"}],"author":[{"embeddable":true,"href":"https:\/\/ceinsaual.com\/es\/wp-json\/wp\/v2\/users\/7"}],"replies":[{"embeddable":true,"href":"https:\/\/ceinsaual.com\/es\/wp-json\/wp\/v2\/comments?post=1707"}],"version-history":[{"count":4,"href":"https:\/\/ceinsaual.com\/es\/wp-json\/wp\/v2\/pages\/1707\/revisions"}],"predecessor-version":[{"id":1727,"href":"https:\/\/ceinsaual.com\/es\/wp-json\/wp\/v2\/pages\/1707\/revisions\/1727"}],"up":[{"embeddable":true,"href":"https:\/\/ceinsaual.com\/es\/wp-json\/wp\/v2\/pages\/472"}],"wp:featuredmedia":[{"embeddable":true,"href":"https:\/\/ceinsaual.com\/es\/wp-json\/wp\/v2\/media\/1716"}],"wp:attachment":[{"href":"https:\/\/ceinsaual.com\/es\/wp-json\/wp\/v2\/media?parent=1707"}],"curies":[{"name":"wp","href":"https:\/\/api.w.org\/{rel}","templated":true}]}}