{"id":1758,"date":"2024-05-14T13:57:21","date_gmt":"2024-05-14T11:57:21","guid":{"rendered":"https:\/\/ceinsaual.com\/es\/?page_id=1758"},"modified":"2024-05-14T17:08:31","modified_gmt":"2024-05-14T15:08:31","slug":"solicitud-de-incorporacion-al-centro-de-investigacion-en-salud","status":"publish","type":"page","link":"https:\/\/ceinsaual.com\/es\/solicitud-de-incorporacion-al-centro-de-investigacion-en-salud\/","title":{"rendered":"SOLICITUD DE INCORPORACI\u00d3N AL CENTRO DE INVESTIGACION EN SALUD"},"content":{"rendered":"\n<p><\/p>\n\n\n\n<p class=\"has-medium-font-size\">Para su incorporaci\u00f3n al Centro de Investigaci\u00f3n en Salud, debe rellenar el siguiente formulario.  <\/p>\n\n\n\n<p class=\"has-medium-font-size\">Una vez cumplimentado, env\u00edelo en formato PDF debidamente firmado a <a href=\"mailto:ceinsaual@ual.es\">ceinsaual@ual.es<\/a><\/p>\n\n\n\n<br><br>\n\n\n\n<p><\/p>\n\n\n\n<hr class=\"wp-block-separator has-alpha-channel-opacity\"\/>\n\n\n\n<br><br>\n\n\n\n<p><\/p>\n\n\n\n<div class=\"wp-block-buttons is-layout-flex wp-block-buttons-is-layout-flex\"><\/div>\n\n\n\n<div data-wp-interactive=\"core\/file\" class=\"wp-block-file\"><object data-wp-bind--hidden=\"!state.hasPdfPreview\" hidden class=\"wp-block-file__embed\" data=\"https:\/\/ceinsaual.com\/es\/wp-content\/uploads\/2024\/05\/SOLICITUD-DE-INCORPORACION-AL-CENTRO-DE-INVESTIGACION-EN-SALUD-1.pdf\" type=\"application\/pdf\" style=\"width:100%;height:600px\" aria-label=\"Incrustado de &lt;strong&gt;SOLICITUD DE INCORPORACI\u00d3N AL CENTRO DE INVESTIGACION EN SALUD (1&lt;\/strong&gt;).\"><\/object><a id=\"wp-block-file--media-d55ee8f0-bcf8-4c2a-9440-b42c974bf229\" href=\"https:\/\/ceinsaual.com\/es\/wp-content\/uploads\/2024\/05\/SOLICITUD-DE-INCORPORACION-AL-CENTRO-DE-INVESTIGACION-EN-SALUD-1.pdf\" target=\"_blank\" rel=\"noreferrer noopener\"><strong>SOLICITUD DE INCORPORACI\u00d3N AL CENTRO DE INVESTIGACION EN SALUD (1<\/strong>)<\/a><a href=\"https:\/\/ceinsaual.com\/es\/wp-content\/uploads\/2024\/05\/SOLICITUD-DE-INCORPORACION-AL-CENTRO-DE-INVESTIGACION-EN-SALUD-1.pdf\" class=\"wp-block-file__button wp-element-button\" download aria-describedby=\"wp-block-file--media-d55ee8f0-bcf8-4c2a-9440-b42c974bf229\"><strong>Descarga<\/strong><\/a><\/div>\n","protected":false},"excerpt":{"rendered":"<p>Para su incorporaci\u00f3n al Centro de Investigaci\u00f3n en Salud, debe rellenar el siguiente formulario. Una vez cumplimentado, env\u00edelo en formato PDF debidamente firmado a ceinsaual@ual.es<\/p>\n","protected":false},"author":1,"featured_media":0,"parent":0,"menu_order":0,"comment_status":"closed","ping_status":"closed","template":"","meta":{"footnotes":"","_links_to":"","_links_to_target":""},"class_list":["post-1758","page","type-page","status-publish","hentry"],"_links":{"self":[{"href":"https:\/\/ceinsaual.com\/es\/wp-json\/wp\/v2\/pages\/1758","targetHints":{"allow":["GET"]}}],"collection":[{"href":"https:\/\/ceinsaual.com\/es\/wp-json\/wp\/v2\/pages"}],"about":[{"href":"https:\/\/ceinsaual.com\/es\/wp-json\/wp\/v2\/types\/page"}],"author":[{"embeddable":true,"href":"https:\/\/ceinsaual.com\/es\/wp-json\/wp\/v2\/users\/1"}],"replies":[{"embeddable":true,"href":"https:\/\/ceinsaual.com\/es\/wp-json\/wp\/v2\/comments?post=1758"}],"version-history":[{"count":6,"href":"https:\/\/ceinsaual.com\/es\/wp-json\/wp\/v2\/pages\/1758\/revisions"}],"predecessor-version":[{"id":1769,"href":"https:\/\/ceinsaual.com\/es\/wp-json\/wp\/v2\/pages\/1758\/revisions\/1769"}],"wp:attachment":[{"href":"https:\/\/ceinsaual.com\/es\/wp-json\/wp\/v2\/media?parent=1758"}],"curies":[{"name":"wp","href":"https:\/\/api.w.org\/{rel}","templated":true}]}}