{"id":1817,"date":"2024-10-10T19:08:05","date_gmt":"2024-10-10T17:08:05","guid":{"rendered":"https:\/\/ceinsaual.com\/es\/?page_id=1817"},"modified":"2024-10-10T19:19:48","modified_gmt":"2024-10-10T17:19:48","slug":"tic146-supercomputacion-algoritmos","status":"publish","type":"page","link":"https:\/\/ceinsaual.com\/es\/grupos-paidi\/tic146-supercomputacion-algoritmos\/","title":{"rendered":"TIC146 &#8211; Supercomputacion &#8211; Algoritmos"},"content":{"rendered":"\n<p class=\"has-medium-font-size\"><a href=\"https:\/\/www.ual.es\/investigacion\/investiga\/grupos\/area\/grupo\/TIC\/TIC146\">Supercomputacion &#8211; Algoritmos<\/a><\/p>\n\n\n\n<p class=\"has-black-color has-text-color has-link-color has-medium-font-size wp-elements-269437e6f568e50a96fca1163a33637a\">Equipo humano<\/p>\n\n\n\n<p>Calvo Cruz, Nicol\u00e1s.<br>Garc\u00eda Fern\u00e1ndez, Inmaculada.<br>Gonz\u00e1lez Casado, Leocadio.<br>Gonz\u00e1lez Ruiz, Vicente.<br>Hendrix , Eligius Maria Theodorus.<br>L\u00f3pez Redondo, Juana.<br>Lupi\u00f3n Lorente, Marcos.<br>Mart\u00edn Garz\u00f3n, Gracia Ester.<br>Mart\u00ednez Garc\u00eda, Jos\u00e9 Antonio.<br>Martinez Ortigosa, Pilar.<br>Moreno Riado, Juan Jos\u00e9.<br>Ortega L\u00f3pez, Gloria.<br>Orts G\u00f3mez, Francisco Jos\u00e9.<br>Puertas Gonzalez, Maria Luz.<br>Puertas Mart\u00edn, Sav\u00edns.<br>Salvador Donaire, Laura Mar\u00eda.<br>Sanjuan Estrada, Juan Francisco.<\/p>\n\n\n\n<p class=\"has-black-color has-pale-cyan-blue-background-color has-text-color has-background has-link-color has-medium-font-size wp-elements-ee2911ea0e0da60a5c5cb96cbda2e512\">L\u00edneas de investigaci\u00f3n<\/p>\n\n\n\n<p class=\"has-black-color has-vivid-cyan-blue-background-color has-text-color has-background has-link-color has-medium-font-size wp-elements-b5f4cdab42cb7d57f29e2ad8e81239e7\"><a href=\"https:\/\/brujula.ual.es\/research-groups\/23-supercomputacion---algoritmos\/area\/grupo\/TIC\/TIC146\">M\u00e1s informaci\u00f3n<\/a><\/p>\n\n\n\n<p><\/p>\n","protected":false},"excerpt":{"rendered":"<p>Supercomputacion &#8211; Algoritmos<\/p>\n","protected":false},"author":1,"featured_media":1818,"parent":472,"menu_order":0,"comment_status":"closed","ping_status":"closed","template":"","meta":{"footnotes":"","_links_to":"","_links_to_target":""},"class_list":["post-1817","page","type-page","status-publish","has-post-thumbnail","hentry"],"_links":{"self":[{"href":"https:\/\/ceinsaual.com\/es\/wp-json\/wp\/v2\/pages\/1817","targetHints":{"allow":["GET"]}}],"collection":[{"href":"https:\/\/ceinsaual.com\/es\/wp-json\/wp\/v2\/pages"}],"about":[{"href":"https:\/\/ceinsaual.com\/es\/wp-json\/wp\/v2\/types\/page"}],"author":[{"embeddable":true,"href":"https:\/\/ceinsaual.com\/es\/wp-json\/wp\/v2\/users\/1"}],"replies":[{"embeddable":true,"href":"https:\/\/ceinsaual.com\/es\/wp-json\/wp\/v2\/comments?post=1817"}],"version-history":[{"count":2,"href":"https:\/\/ceinsaual.com\/es\/wp-json\/wp\/v2\/pages\/1817\/revisions"}],"predecessor-version":[{"id":1823,"href":"https:\/\/ceinsaual.com\/es\/wp-json\/wp\/v2\/pages\/1817\/revisions\/1823"}],"up":[{"embeddable":true,"href":"https:\/\/ceinsaual.com\/es\/wp-json\/wp\/v2\/pages\/472"}],"wp:featuredmedia":[{"embeddable":true,"href":"https:\/\/ceinsaual.com\/es\/wp-json\/wp\/v2\/media\/1818"}],"wp:attachment":[{"href":"https:\/\/ceinsaual.com\/es\/wp-json\/wp\/v2\/media?parent=1817"}],"curies":[{"name":"wp","href":"https:\/\/api.w.org\/{rel}","templated":true}]}}