{"id":1832,"date":"2024-10-10T19:37:16","date_gmt":"2024-10-10T17:37:16","guid":{"rendered":"https:\/\/ceinsaual.com\/es\/?page_id=1832"},"modified":"2024-10-10T19:37:16","modified_gmt":"2024-10-10T17:37:16","slug":"cts-1114-avances-e-innovacion-en-salud","status":"publish","type":"page","link":"https:\/\/ceinsaual.com\/es\/lineas-de-investigacion\/cts-1114-avances-e-innovacion-en-salud\/","title":{"rendered":"CTS 1114: Avances e innovaci\u00f3n en Salud"},"content":{"rendered":"\n<p><\/p>\n\n\n\n<p class=\"has-black-color has-text-color has-link-color has-medium-font-size wp-elements-56c4bdbe1ef737328f1c229b5c6ba155\"><strong>L\u00cdNEAS DE INVESTIGACI\u00d3N<\/strong><\/p>\n\n\n\n<ul class=\"wp-block-list\">\n<li>Atenci\u00f3n A Poblaciones Vulnerables.<\/li>\n\n\n\n<li>Avances E Innovaci\u00f3n En Educaci\u00f3n En Ciencias De La Salud.<\/li>\n\n\n\n<li>Avances E Innovaci\u00f3n En Gesti\u00f3n Y Organizaci\u00f3n En Salud.<\/li>\n\n\n\n<li>Avances E Innovaci\u00f3n En Microbiota Intestinal.<\/li>\n\n\n\n<li>Avances E Innovaci\u00f3n En Tecnolog\u00edas De La Salud.<\/li>\n\n\n\n<li>Pr\u00e1ctica Cl\u00ednica Basada En La Evidencia.<\/li>\n<\/ul>\n\n\n\n<p><\/p>\n\n\n\n<p class=\"has-black-color has-pale-cyan-blue-background-color has-text-color has-background has-link-color has-medium-font-size wp-elements-fe4d0b56f833d02b77680150d76a9dee\"><a href=\"https:\/\/ceinsaual.com\/es\/grupos-paidi\/cts-1114-avances-e-innovacion-en-salud\/\" data-type=\"page\" data-id=\"1814\">EQUIPO HUMANO<\/a><\/p>\n\n\n\n<p class=\"has-black-color has-vivid-cyan-blue-background-color has-text-color has-background has-link-color has-medium-font-size wp-elements-323776e25cad88202b22a1e48eda0aa1\"><a href=\"https:\/\/www.ual.es\/investigacion\/investiga\/grupos\/area\/grupo\/CTS\/CTS1114\">M\u00c1S INFORMACI\u00d3N<\/a><\/p>\n\n\n\n<p><\/p>\n","protected":false},"excerpt":{"rendered":"<p>Avances e innovaci\u00f3n en Salud<\/p>\n","protected":false},"author":1,"featured_media":1815,"parent":710,"menu_order":0,"comment_status":"closed","ping_status":"closed","template":"","meta":{"footnotes":"","_links_to":"","_links_to_target":""},"class_list":["post-1832","page","type-page","status-publish","has-post-thumbnail","hentry"],"_links":{"self":[{"href":"https:\/\/ceinsaual.com\/es\/wp-json\/wp\/v2\/pages\/1832","targetHints":{"allow":["GET"]}}],"collection":[{"href":"https:\/\/ceinsaual.com\/es\/wp-json\/wp\/v2\/pages"}],"about":[{"href":"https:\/\/ceinsaual.com\/es\/wp-json\/wp\/v2\/types\/page"}],"author":[{"embeddable":true,"href":"https:\/\/ceinsaual.com\/es\/wp-json\/wp\/v2\/users\/1"}],"replies":[{"embeddable":true,"href":"https:\/\/ceinsaual.com\/es\/wp-json\/wp\/v2\/comments?post=1832"}],"version-history":[{"count":1,"href":"https:\/\/ceinsaual.com\/es\/wp-json\/wp\/v2\/pages\/1832\/revisions"}],"predecessor-version":[{"id":1833,"href":"https:\/\/ceinsaual.com\/es\/wp-json\/wp\/v2\/pages\/1832\/revisions\/1833"}],"up":[{"embeddable":true,"href":"https:\/\/ceinsaual.com\/es\/wp-json\/wp\/v2\/pages\/710"}],"wp:featuredmedia":[{"embeddable":true,"href":"https:\/\/ceinsaual.com\/es\/wp-json\/wp\/v2\/media\/1815"}],"wp:attachment":[{"href":"https:\/\/ceinsaual.com\/es\/wp-json\/wp\/v2\/media?parent=1832"}],"curies":[{"name":"wp","href":"https:\/\/api.w.org\/{rel}","templated":true}]}}