{"id":1834,"date":"2024-10-10T19:40:14","date_gmt":"2024-10-10T17:40:14","guid":{"rendered":"https:\/\/ceinsaual.com\/es\/?page_id=1834"},"modified":"2024-10-10T19:40:15","modified_gmt":"2024-10-10T17:40:15","slug":"tic146-supercomputacion-algoritmos","status":"publish","type":"page","link":"https:\/\/ceinsaual.com\/es\/lineas-de-investigacion\/tic146-supercomputacion-algoritmos\/","title":{"rendered":"TIC146  Supercomputaci\u00f3n-Algoritmos"},"content":{"rendered":"\n<p><\/p>\n\n\n\n<p class=\"has-black-color has-text-color has-link-color has-medium-font-size wp-elements-56c4bdbe1ef737328f1c229b5c6ba155\"><strong>L\u00cdNEAS DE INVESTIGACI\u00d3N<\/strong><\/p>\n\n\n\n<ul class=\"wp-block-list\">\n<li>Computaci\u00f3n De Altas Prestaciones.<\/li>\n\n\n\n<li>Computaci\u00f3n Paralela En Plataformas Heterog\u00e9neas.<\/li>\n\n\n\n<li>Dise\u00f1o De M\u00e9todos Hpc Para El Entrenamiento De Modelos De Ia\u00a0.<\/li>\n\n\n\n<li>Dise\u00f1o De Modelos Ia En Sistemas Empotrados.<\/li>\n\n\n\n<li>Dise\u00f1o E Integraci\u00f3n De Sistemas Ciberf\u00edsicos Inteligentes En Aplicaciones De Salud.<\/li>\n\n\n\n<li>Integraci\u00f3n De Tecnolog\u00edas En Smart Home.<\/li>\n\n\n\n<li>Internet De Las Cosas (Iot).<\/li>\n\n\n\n<li>Multimedia: Compresi\u00f3n; Transmisi\u00f3n; Seguridad.<\/li>\n\n\n\n<li>Optimizaci\u00f3n Basada En Computaci\u00f3n Cu\u00e1ntica.<\/li>\n\n\n\n<li>Optimizaci\u00f3n Del Coste De Circuitos Cu\u00e1nticos Tolerantes A Fallos.<\/li>\n\n\n\n<li>Optimizaci\u00f3n En La Creaci\u00f3n De Modelos De Ia.<\/li>\n\n\n\n<li>Optimizaci\u00f3n Global.<\/li>\n\n\n\n<li>Optimizaci\u00f3n Multiobjetivo.<\/li>\n\n\n\n<li>Procesmiento Y An\u00e1lisis De Im\u00e1genes.<\/li>\n\n\n\n<li>Seguridad En Las Comunicaciones.<\/li>\n\n\n\n<li>Tomograf\u00eda Computacional.<\/li>\n\n\n\n<li>15. Computaci\u00f3n Cu\u00e1ntica.<\/li>\n<\/ul>\n\n\n\n<p><\/p>\n\n\n\n<p class=\"has-black-color has-pale-cyan-blue-background-color has-text-color has-background has-link-color has-medium-font-size wp-elements-c7cbbe69f6ec715fcfd07f33887e941c\"><a href=\"https:\/\/ceinsaual.com\/es\/grupos-paidi\/tic146-supercomputacion-algoritmos\/\" data-type=\"page\" data-id=\"1817\">EQUIPO HUMANO<\/a><\/p>\n\n\n\n<p class=\"has-black-color has-vivid-cyan-blue-background-color has-text-color has-background has-link-color has-medium-font-size wp-elements-a77f64d4128d310a6e3d4ca4d1a90fb3\"><a href=\"https:\/\/www.ual.es\/investigacion\/investiga\/grupos\/area\/grupo\/TIC\/TIC146\">M\u00c1S INFORMACI\u00d3N<\/a><\/p>\n\n\n\n<p><\/p>\n","protected":false},"excerpt":{"rendered":"<p>Supercomputaci\u00f3n-Algoritmos<\/p>\n","protected":false},"author":1,"featured_media":1818,"parent":710,"menu_order":0,"comment_status":"closed","ping_status":"closed","template":"","meta":{"footnotes":"","_links_to":"","_links_to_target":""},"class_list":["post-1834","page","type-page","status-publish","has-post-thumbnail","hentry"],"_links":{"self":[{"href":"https:\/\/ceinsaual.com\/es\/wp-json\/wp\/v2\/pages\/1834","targetHints":{"allow":["GET"]}}],"collection":[{"href":"https:\/\/ceinsaual.com\/es\/wp-json\/wp\/v2\/pages"}],"about":[{"href":"https:\/\/ceinsaual.com\/es\/wp-json\/wp\/v2\/types\/page"}],"author":[{"embeddable":true,"href":"https:\/\/ceinsaual.com\/es\/wp-json\/wp\/v2\/users\/1"}],"replies":[{"embeddable":true,"href":"https:\/\/ceinsaual.com\/es\/wp-json\/wp\/v2\/comments?post=1834"}],"version-history":[{"count":1,"href":"https:\/\/ceinsaual.com\/es\/wp-json\/wp\/v2\/pages\/1834\/revisions"}],"predecessor-version":[{"id":1835,"href":"https:\/\/ceinsaual.com\/es\/wp-json\/wp\/v2\/pages\/1834\/revisions\/1835"}],"up":[{"embeddable":true,"href":"https:\/\/ceinsaual.com\/es\/wp-json\/wp\/v2\/pages\/710"}],"wp:featuredmedia":[{"embeddable":true,"href":"https:\/\/ceinsaual.com\/es\/wp-json\/wp\/v2\/media\/1818"}],"wp:attachment":[{"href":"https:\/\/ceinsaual.com\/es\/wp-json\/wp\/v2\/media?parent=1834"}],"curies":[{"name":"wp","href":"https:\/\/api.w.org\/{rel}","templated":true}]}}