{"id":25,"date":"2016-10-17T13:32:23","date_gmt":"2016-10-17T13:32:23","guid":{"rendered":"http:\/\/www.demo.acmethemes.com\/education-base\/?page_id=25"},"modified":"2019-09-12T16:18:15","modified_gmt":"2019-09-12T14:18:15","slug":"hum-057-avances-en-intervencion-y-epidemiologia-con-infancia-adolescencia-y-familias","status":"publish","type":"page","link":"https:\/\/ceinsaual.com\/es\/lineas-de-investigacion\/hum-057-avances-en-intervencion-y-epidemiologia-con-infancia-adolescencia-y-familias\/","title":{"rendered":"HUM-057: Avances en Intervenci\u00f3n y Epidemiolog\u00eda con Infancia, Adolescencia y Familias"},"content":{"rendered":"\n<p class=\"has-medium-font-size\">El grupo \u00abAvances en intervenci\u00f3n y epidemiolog\u00eda con infancia, adolescencia y familias\u00bb pertenece al \u00e1rea tem\u00e1tica \u00abHumanidades\u00bb del Plan Andaluz de Investigaci\u00f3n.<\/p>\n\n\n\n<h3 class=\"wp-block-heading\">L\u00edneas de Investigaci\u00f3n<\/h3>\n\n\n\n<ul class=\"wp-block-list\"><li>An\u00e1lisis de los procedimientos de discriminaci\u00f3n en la ense\u00f1anza de  diferentes habilidades acad\u00e9micas, cognitivas y metacognitivas.<\/li><li>An\u00e1lisis de los sistemas dimensionales o emp\u00edricos en el \u00e1mbito de evaluaci\u00f3n y diagn\u00f3stico de la infancia.<\/li><li>An\u00e1lisis del papel de la familia como factor de riesgo o protecci\u00f3n de diferentes alteraciones psicol\u00f3gicas en los ni\u00f1os.<\/li><li>Aplicaci\u00f3n de la terapia de aceptaci\u00f3n y compromiso en la intervenci\u00f3n en familias.<\/li><li>Aplicaci\u00f3n de realidad virtual en la intervenci\u00f3n de trastornos psicol\u00f3gicos en infancia o en la mejora del bienestar emocional.<\/li><li>Epidemiolog\u00eda de las alteraciones psicol\u00f3gicas en la infancia y  an\u00e1lisis de los factores de riesgo y de protecci\u00f3n de las siguientes:  trastornos del comportamiento alimentario, trastornos de conducta,  hiperactividad, retraso en el desarrollo, espectro aut<\/li><li>Evaluaci\u00f3n e intervenci\u00f3n en la inteligencia emocional. su relaci\u00f3n con perfiles psico-sociales en infancia y adolescencia.<\/li><li>Investigaci\u00f3n y an\u00e1lisis en los programas de intervenci\u00f3n con  padres en los trastornos o problemas psicol\u00f3gicos en la infancia y  adolescencia.<\/li><li>Papel del lenguaje y la  cognici\u00f3n en procesos complejos: toma de  perspectiva, emergencia de las relaciones simb\u00f3licas y analog\u00edas,  discriminaciones complejas, sensibilidad-insensibilidad a las  contingencias, autocontrol bajo procedimientos de corresponde<\/li><li>Terapias sist\u00e9micas.<\/li><\/ul>\n\n\n\n<p class=\"has-text-color has-background has-medium-font-size has-very-light-gray-color has-pale-cyan-blue-background-color\"><strong><a href=\"https:\/\/ceinsaual.com\/es\/grupos-paidi\/hum-057\/\">Miembros<\/a><\/strong><\/p>\n\n\n\n<p class=\"has-text-color has-background has-medium-font-size has-very-light-gray-color has-vivid-cyan-blue-background-color\">M\u00e1s informaci\u00f3n:  <a href=\"http:\/\/cvirtual.ual.es\/webual\/jsp\/investigacion\/nuevo\/pInicio.jsp?id_grupo=HUM057&amp;idioma=es\" target=\"_blank\" rel=\"noreferrer noopener\" aria-label=\" (abre en una nueva pesta\u00f1a)\">cvirtual.ual.es<\/a> <\/p>\n","protected":false},"excerpt":{"rendered":"<p>El grupo \u00abAvances en intervenci\u00f3n y epidemiolog\u00eda con infancia, adolescencia y familias\u00bb pertenece al \u00e1rea tem\u00e1tica \u00abHumanidades\u00bb del Plan Andaluz de Investigaci\u00f3n.<\/p>\n","protected":false},"author":1,"featured_media":516,"parent":710,"menu_order":1,"comment_status":"closed","ping_status":"closed","template":"","meta":{"footnotes":"","_links_to":"","_links_to_target":""},"class_list":["post-25","page","type-page","status-publish","has-post-thumbnail","hentry"],"_links":{"self":[{"href":"https:\/\/ceinsaual.com\/es\/wp-json\/wp\/v2\/pages\/25","targetHints":{"allow":["GET"]}}],"collection":[{"href":"https:\/\/ceinsaual.com\/es\/wp-json\/wp\/v2\/pages"}],"about":[{"href":"https:\/\/ceinsaual.com\/es\/wp-json\/wp\/v2\/types\/page"}],"author":[{"embeddable":true,"href":"https:\/\/ceinsaual.com\/es\/wp-json\/wp\/v2\/users\/1"}],"replies":[{"embeddable":true,"href":"https:\/\/ceinsaual.com\/es\/wp-json\/wp\/v2\/comments?post=25"}],"version-history":[{"count":6,"href":"https:\/\/ceinsaual.com\/es\/wp-json\/wp\/v2\/pages\/25\/revisions"}],"predecessor-version":[{"id":825,"href":"https:\/\/ceinsaual.com\/es\/wp-json\/wp\/v2\/pages\/25\/revisions\/825"}],"up":[{"embeddable":true,"href":"https:\/\/ceinsaual.com\/es\/wp-json\/wp\/v2\/pages\/710"}],"wp:featuredmedia":[{"embeddable":true,"href":"https:\/\/ceinsaual.com\/es\/wp-json\/wp\/v2\/media\/516"}],"wp:attachment":[{"href":"https:\/\/ceinsaual.com\/es\/wp-json\/wp\/v2\/media?parent=25"}],"curies":[{"name":"wp","href":"https:\/\/api.w.org\/{rel}","templated":true}]}}