{"id":37,"date":"2016-10-17T13:43:23","date_gmt":"2016-10-17T13:43:23","guid":{"rendered":"http:\/\/www.demo.acmethemes.com\/education-base\/?page_id=37"},"modified":"2024-10-10T18:39:05","modified_gmt":"2024-10-10T16:39:05","slug":"equipo","status":"publish","type":"page","link":"https:\/\/ceinsaual.com\/es\/equipo\/","title":{"rendered":"Equipo Humano"},"content":{"rendered":"\n<p class=\"has-vivid-cyan-blue-color has-text-color has-medium-font-size\">Comit\u00e9 de Direcci\u00f3n<\/p>\n\n\n\n<p style=\"font-size:18px\">Raquel Alarc\u00f3n Rodr\u00edguez (Directora)<br>Mar\u00eda Francisca Carvajal Ru\u00edz (Secretaria)<\/p>\n\n\n\n<p class=\"has-vivid-cyan-blue-color has-text-color has-link-color has-medium-font-size wp-elements-684cb0f3de3e573ab741660ae0d38787\">Vocales<\/p>\n\n\n\n<p style=\"font-size:18px\">Antonio Granero Gallegos<br>\nVer\u00f3nica Victoria M\u00e1rquez Hern\u00e1ndez<br>\nH\u00e9ctor Garc\u00eda L\u00f3pez<\/p>\n\n\n\n<p class=\"has-vivid-cyan-blue-color has-text-color has-link-color has-medium-font-size wp-elements-45a9e12bf15caf37e2a781a16863c60d\">Miembros externos:<\/p>\n\n\n\n<p style=\"font-size:18px\">Jose Antonio Morales Molina (Hospital Universitario Torrec\u00e1rdenas)<br>\nMercedes P\u00e9rez Heredia (Distrito Sanitario Poniente)<br>\nJavier Pastor Hurtado (\u00c1rea de Gesti\u00f3n Norte Sanitaria)<br>\nJavier Garc\u00eda del \u00c1guila (Hospital HLA)<br><br><\/p>\n\n\n\n\n<p class=\"has-vivid-cyan-blue-color has-text-color has-medium-font-size\">Comit\u00e9 Cient\u00edfico-T\u00e9cnico<\/p>\n\n\n<p style=\"font-size:18px\"><br>Grupo CTS 411 \u2013 Director: Prof. Tesif\u00f3n Parr\u00f3n Carre\u00f1o<br>Grupo CTS 451 \u2013 Director: Prof. Jos\u00e9 Granero Molina<br>Grupo HUM 057 \u2013 Director: Prof. Inmaculada G\u00f3mez Becerra<br>Grupo HUM 061 \u2013 Director: Prof. Jos\u00e9 Manuel Cimadevilla<br>Grupo HUM 498 \u2013 Director: Prof. Remedios L\u00f3pez Liria<br>Grupo HUM 628 \u2013 Director: Prof. Jos\u00e9 M\u00aa Muyor Rodr\u00edguez (Prof. Antonio Granero \u2013Secretario del Centro).<br>Grupo HUM 746 \u2013 Director: Prof. Jos\u00e9 Manuel Mart\u00ednez Vicente<br>Grupo HUM 845 \u2013 Director: Prof. Juan Garc\u00eda Garc\u00eda<br>Grupo HUM 878 \u2013 Director: Prof. Joaqu\u00edn \u00c1lvarez Hern\u00e1ndez<br>Grupo HUM 891 \u2013 Director: Prof. Juan Jos\u00e9 Ortells Rodr\u00edguez<br><\/p>\n\n\n\n<p class=\"has-vivid-cyan-blue-color has-text-color has-medium-font-size\"><\/p>\n\n\n\n<p><\/p>\n\n\n\n<p><\/p>\n","protected":false},"excerpt":{"rendered":"<p>Comit\u00e9 de Direcci\u00f3n Raquel Alarc\u00f3n Rodr\u00edguez (Directora)Mar\u00eda Francisca Carvajal Ru\u00edz (Secretaria) Vocales Antonio Granero Gallegos Ver\u00f3nica Victoria M\u00e1rquez Hern\u00e1ndez H\u00e9ctor Garc\u00eda L\u00f3pez Miembros externos: Jose Antonio Morales Molina (Hospital Universitario Torrec\u00e1rdenas) Mercedes P\u00e9rez Heredia (Distrito Sanitario Poniente) Javier Pastor Hurtado (\u00c1rea de Gesti\u00f3n Norte Sanitaria) Javier Garc\u00eda del \u00c1guila (Hospital HLA) Comit\u00e9 Cient\u00edfico-T\u00e9cnico Grupo CTS&hellip;<\/p>\n","protected":false},"author":1,"featured_media":0,"parent":0,"menu_order":0,"comment_status":"closed","ping_status":"closed","template":"","meta":{"footnotes":"","_links_to":"","_links_to_target":""},"class_list":["post-37","page","type-page","status-publish","hentry"],"_links":{"self":[{"href":"https:\/\/ceinsaual.com\/es\/wp-json\/wp\/v2\/pages\/37","targetHints":{"allow":["GET"]}}],"collection":[{"href":"https:\/\/ceinsaual.com\/es\/wp-json\/wp\/v2\/pages"}],"about":[{"href":"https:\/\/ceinsaual.com\/es\/wp-json\/wp\/v2\/types\/page"}],"author":[{"embeddable":true,"href":"https:\/\/ceinsaual.com\/es\/wp-json\/wp\/v2\/users\/1"}],"replies":[{"embeddable":true,"href":"https:\/\/ceinsaual.com\/es\/wp-json\/wp\/v2\/comments?post=37"}],"version-history":[{"count":18,"href":"https:\/\/ceinsaual.com\/es\/wp-json\/wp\/v2\/pages\/37\/revisions"}],"predecessor-version":[{"id":1809,"href":"https:\/\/ceinsaual.com\/es\/wp-json\/wp\/v2\/pages\/37\/revisions\/1809"}],"wp:attachment":[{"href":"https:\/\/ceinsaual.com\/es\/wp-json\/wp\/v2\/media?parent=37"}],"curies":[{"name":"wp","href":"https:\/\/api.w.org\/{rel}","templated":true}]}}