{"id":486,"date":"2019-07-22T13:04:02","date_gmt":"2019-07-22T11:04:02","guid":{"rendered":"https:\/\/ceinsaual.com\/es\/?page_id=486"},"modified":"2019-09-12T16:18:28","modified_gmt":"2019-09-12T14:18:28","slug":"hum-498-intervencion-psicologica-en-desarrollo-educativo-y-orientacion","status":"publish","type":"page","link":"https:\/\/ceinsaual.com\/es\/lineas-de-investigacion\/hum-498-intervencion-psicologica-en-desarrollo-educativo-y-orientacion\/","title":{"rendered":"HUM-498: Intervenci\u00f3n Psicol\u00f3gica en Desarrollo Educativo y Orientaci\u00f3n"},"content":{"rendered":"\n<p class=\"has-medium-font-size\">El Grupo est\u00e1 formado por profesores universitarios y otros de   niveles  no universitarios, de la administraci\u00f3n educativa y   profesionales que  desarrollan su actividad en centros de salud,   asociaciones de  discapacitados y residencias de mayores. Actualmente  hay  8 doctores, 7  licenciados y 3 alumnos que preparan su tesis  doctoral.<\/p>\n\n\n\n<p>Participamos en una amplia red de pa\u00edses europeos y latinoamericanos,\n con los que estamos participando como coordinadores y como socios en \ndiferentes proyectos de investigaci\u00f3n en el seno de las acciones \nComenius, Leonardo da Vinci, Grundtvig, as\u00ed como en proyectos de \ncooperaci\u00f3n de la AECID.<\/p>\n\n\n\n<p>Tenemos relaciones estables con Asociaciones y Federaciones de \nPersonas con Discapacidad y hemos participado en proyectos conjuntos, \ncongresos, puesta en marcha de centros, etc.<\/p>\n\n\n\n<p>En la actualidad estamos experimentando un Programa Educativo \nespec\u00edfico para personas mayores de 55 a\u00f1os, en dos centros de d\u00eda \ndependientes de la Consejer\u00eda para la Igualdad y Bienestar Social (Hogar\n II de Almer\u00eda y N\u00edjar).<\/p>\n\n\n\n<p>Es nuestro deseo profundizar en las l\u00edneas de investigaci\u00f3n del  Grupo, a trav\u00e9s de Proyectos de Investigaci\u00f3n, publicaciones, tesis  doctorales y, muy especialmente, estrechando nuestros lazos de  colaboraci\u00f3n en el seno de las redes internacionales, con las  administraciones p\u00fablicas, las asociaciones, los centros educativos,  etc.<\/p>\n\n\n\n<p>El Grupo est\u00e1 formado por profesores universitarios y otros de  \nniveles  no universitarios, de la administraci\u00f3n educativa y  \nprofesionales que  desarrollan su actividad en centros de salud,  \nasociaciones de  discapacitados y residencias de mayores. Actualmente \nhay  8 doctores, 7  licenciados y 3 alumnos que preparan su tesis \ndoctoral.<\/p>\n\n\n\n<p>Participamos en una amplia red de pa\u00edses europeos y latinoamericanos,\n con los que estamos participando como coordinadores y como socios en \ndiferentes proyectos de investigaci\u00f3n en el seno de las acciones \nComenius, Leonardo da Vinci, Grundtvig, as\u00ed como en proyectos de \ncooperaci\u00f3n de la AECID.<\/p>\n\n\n\n<p>Tenemos relaciones estables con Asociaciones y Federaciones de \nPersonas con Discapacidad y hemos participado en proyectos conjuntos, \ncongresos, puesta en marcha de centros, etc.<\/p>\n\n\n\n<p>En la actualidad estamos experimentando un Programa Educativo \nespec\u00edfico para personas mayores de 55 a\u00f1os, en dos centros de d\u00eda \ndependientes de la Consejer\u00eda para la Igualdad y Bienestar Social (Hogar\n II de Almer\u00eda y N\u00edjar).<\/p>\n\n\n\n<p>Es nuestro deseo profundizar en las l\u00edneas de investigaci\u00f3n del \nGrupo, a trav\u00e9s de Proyectos de Investigaci\u00f3n, publicaciones, tesis \ndoctorales y, muy especialmente, estrechando nuestros lazos de \ncolaboraci\u00f3n en el seno de las redes internacionales, con las \nadministraciones p\u00fablicas, las asociaciones, los centros educativos, \netc.<\/p>\n\n\n\n<h3 class=\"wp-block-heading\">L\u00edneas de Investigaci\u00f3n<\/h3>\n\n\n\n<ul class=\"wp-block-list\"><li>Desarrollo de procesos cognitivos<\/li><li>Desarrollo del lenguaje<\/li><li>Fisioterapia y rehabilitaci\u00f3n<\/li><li>Metodos y estrategias de ense\u00f1anza-aprendizaje en las areas de conocimiento curriculares<\/li><li>Modelos y programas de intervenci\u00f3n psicoeducativa que mejoren , \noptimicen  y\/o aceleren procesos de     desarrollo, aprendizaje y \norientaci\u00f3n del escolar en sus diferentes niveles y necesidades \neducativas,     regladas y\/o especiales.<\/li><li>Procesos afectivos y emocionales<\/li><li>Procesos de envejecimiento<\/li><li>Programas de orientaci\u00f3n y empleo para la vida activa<\/li><\/ul>\n\n\n\n<p class=\"has-text-color has-background has-medium-font-size has-very-light-gray-color has-pale-cyan-blue-background-color\"><strong><a href=\"https:\/\/ceinsaual.com\/es\/grupos-paidi\/hum-498\/\">Miembros<\/a><\/strong><\/p>\n\n\n\n<p class=\"has-text-color has-background has-medium-font-size has-very-light-gray-color has-vivid-cyan-blue-background-color\"> M\u00e1s informaci\u00f3n:\u00a0<a href=\"http:\/\/cvirtual.ual.es\/webual\/jsp\/investigacion\/nuevo\/pInicio.jsp?id_grupo=HUM498&amp;idioma=es\" target=\"_blank\" rel=\"noreferrer noopener\" aria-label=\" (abre en una nueva pesta\u00f1a)\">cvirtual.ual.es<\/a><\/p>\n","protected":false},"excerpt":{"rendered":"<p>El Grupo est\u00e1 formado por profesores universitarios y otros de   niveles  no universitarios, de la administraci\u00f3n educativa y   profesionales que  desarrollan su actividad en centros de salud,   asociaciones de  discapacitados y residencias de mayores.<\/p>\n","protected":false},"author":1,"featured_media":487,"parent":710,"menu_order":3,"comment_status":"closed","ping_status":"closed","template":"","meta":{"footnotes":"","_links_to":"","_links_to_target":""},"class_list":["post-486","page","type-page","status-publish","has-post-thumbnail","hentry"],"_links":{"self":[{"href":"https:\/\/ceinsaual.com\/es\/wp-json\/wp\/v2\/pages\/486","targetHints":{"allow":["GET"]}}],"collection":[{"href":"https:\/\/ceinsaual.com\/es\/wp-json\/wp\/v2\/pages"}],"about":[{"href":"https:\/\/ceinsaual.com\/es\/wp-json\/wp\/v2\/types\/page"}],"author":[{"embeddable":true,"href":"https:\/\/ceinsaual.com\/es\/wp-json\/wp\/v2\/users\/1"}],"replies":[{"embeddable":true,"href":"https:\/\/ceinsaual.com\/es\/wp-json\/wp\/v2\/comments?post=486"}],"version-history":[{"count":7,"href":"https:\/\/ceinsaual.com\/es\/wp-json\/wp\/v2\/pages\/486\/revisions"}],"predecessor-version":[{"id":971,"href":"https:\/\/ceinsaual.com\/es\/wp-json\/wp\/v2\/pages\/486\/revisions\/971"}],"up":[{"embeddable":true,"href":"https:\/\/ceinsaual.com\/es\/wp-json\/wp\/v2\/pages\/710"}],"wp:featuredmedia":[{"embeddable":true,"href":"https:\/\/ceinsaual.com\/es\/wp-json\/wp\/v2\/media\/487"}],"wp:attachment":[{"href":"https:\/\/ceinsaual.com\/es\/wp-json\/wp\/v2\/media?parent=486"}],"curies":[{"name":"wp","href":"https:\/\/api.w.org\/{rel}","templated":true}]}}