{"id":500,"date":"2019-07-22T13:18:39","date_gmt":"2019-07-22T11:18:39","guid":{"rendered":"https:\/\/ceinsaual.com\/es\/?page_id=500"},"modified":"2019-09-12T16:18:59","modified_gmt":"2019-09-12T14:18:59","slug":"hum-745-analisis-clinico-y-experimental-en-psicologia","status":"publish","type":"page","link":"https:\/\/ceinsaual.com\/es\/lineas-de-investigacion\/hum-745-analisis-clinico-y-experimental-en-psicologia\/","title":{"rendered":"HUM-745: An\u00e1lisis Cl\u00ednico y Experimental en Psicolog\u00eda"},"content":{"rendered":"\n<p class=\"has-medium-font-size\"> El grupo \u00abAnalisis clinico y experimental en psicologia\u00bb pertenece al  \u00e1rea tem\u00e1tica \u00abHumanidades\u00bb del Plan Andaluz de Investigaci\u00f3n. <\/p>\n\n\n\n<h3 class=\"wp-block-heading\">L\u00edneas de Investigaci\u00f3n<\/h3>\n\n\n\n<ul class=\"wp-block-list\"><li>Analisis epistemol\u00f3gico e hist\u00f3rico de la psicolog\u00eda  tipolog\u00eda \nsistem\u00e1tica de la conducta  personalidad, trastornos de la personalidad \nen la vida moderna y postmoderna y su tratamiento<\/li><li>Psicolog\u00eda cl\u00ednica  psicolog\u00eda de la salud  psicolog\u00eda jur\u00eddica  \npsicoterapias funcionales  psicoterapia de aceptaci\u00f3n y compromiso  \nmaltrato y conducta violenta  adicciones  relaci\u00f3n de equivalencias  \nan\u00e1lisis epistemol\u00f3gico e hist\u00f3rico de la psicolog\u00eda.<\/li><\/ul>\n\n\n\n<p class=\"has-text-color has-background has-medium-font-size has-very-light-gray-color has-pale-cyan-blue-background-color\"><a href=\"https:\/\/ceinsaual.com\/es\/grupos-paidi\/hum-745\/\">Miembros<\/a><\/p>\n\n\n\n<p class=\"has-text-color has-background has-medium-font-size has-very-light-gray-color has-vivid-cyan-blue-background-color\"> M\u00e1s informaci\u00f3n:\u00a0<a href=\"http:\/\/cvirtual.ual.es\/webual\/jsp\/investigacion\/nuevo\/pInicio.jsp?id_grupo=HUM745\" target=\"_blank\" rel=\"noreferrer noopener\" aria-label=\" (abre en una nueva pesta\u00f1a)\">cvirtual.ual.es <\/a><\/p>\n","protected":false},"excerpt":{"rendered":"<p> El grupo \u00abAnalisis clinico y experimental en psicologia\u00bb pertenece al  \u00e1rea tem\u00e1tica \u00abHumanidades\u00bb del Plan Andaluz de Investigaci\u00f3n. <\/p>\n","protected":false},"author":1,"featured_media":521,"parent":710,"menu_order":5,"comment_status":"closed","ping_status":"closed","template":"","meta":{"footnotes":"","_links_to":"","_links_to_target":""},"class_list":["post-500","page","type-page","status-publish","has-post-thumbnail","hentry"],"_links":{"self":[{"href":"https:\/\/ceinsaual.com\/es\/wp-json\/wp\/v2\/pages\/500","targetHints":{"allow":["GET"]}}],"collection":[{"href":"https:\/\/ceinsaual.com\/es\/wp-json\/wp\/v2\/pages"}],"about":[{"href":"https:\/\/ceinsaual.com\/es\/wp-json\/wp\/v2\/types\/page"}],"author":[{"embeddable":true,"href":"https:\/\/ceinsaual.com\/es\/wp-json\/wp\/v2\/users\/1"}],"replies":[{"embeddable":true,"href":"https:\/\/ceinsaual.com\/es\/wp-json\/wp\/v2\/comments?post=500"}],"version-history":[{"count":3,"href":"https:\/\/ceinsaual.com\/es\/wp-json\/wp\/v2\/pages\/500\/revisions"}],"predecessor-version":[{"id":973,"href":"https:\/\/ceinsaual.com\/es\/wp-json\/wp\/v2\/pages\/500\/revisions\/973"}],"up":[{"embeddable":true,"href":"https:\/\/ceinsaual.com\/es\/wp-json\/wp\/v2\/pages\/710"}],"wp:featuredmedia":[{"embeddable":true,"href":"https:\/\/ceinsaual.com\/es\/wp-json\/wp\/v2\/media\/521"}],"wp:attachment":[{"href":"https:\/\/ceinsaual.com\/es\/wp-json\/wp\/v2\/media?parent=500"}],"curies":[{"name":"wp","href":"https:\/\/api.w.org\/{rel}","templated":true}]}}