{"id":524,"date":"2019-07-22T14:35:28","date_gmt":"2019-07-22T12:35:28","guid":{"rendered":"https:\/\/ceinsaual.com\/es\/?page_id=524"},"modified":"2019-09-12T16:19:39","modified_gmt":"2019-09-12T14:19:39","slug":"hum-845-investigacion-en-ciencias-sociales-y-de-la-salud-metodologia-y-aplicaciones","status":"publish","type":"page","link":"https:\/\/ceinsaual.com\/es\/lineas-de-investigacion\/hum-845-investigacion-en-ciencias-sociales-y-de-la-salud-metodologia-y-aplicaciones\/","title":{"rendered":"HUM-845: Investigaci\u00f3n en Ciencias Sociales y de la Salud: Metodolog\u00eda y Aplicaciones"},"content":{"rendered":"\n<p class=\"has-medium-font-size\"> El grupo \u00abInvestigaci\u00f3n en ciencias sociales y de la salud: metodolog\u00eda y  aplicaciones\u00bb pertenece al \u00e1rea tem\u00e1tica \u00abHumanidades\u00bb del Plan Andaluz  de Investigaci\u00f3n. <\/p>\n\n\n\n<h3 class=\"wp-block-heading\">L\u00edneas de Investigaci\u00f3n<\/h3>\n\n\n\n<ul class=\"wp-block-list\"><li>An\u00e1lisis bayesiano de datos y redes bayesianas<\/li><li>Aplicaciones de modelos de ecuaciones estructurales<\/li><li>Medici\u00f3n de actitudes en los \u00e1mbitos jur\u00eddico-criminol\u00f3gicos, sociolaborales y ambientales<\/li><li>Menores infractores<\/li><li>Revisiones cuantitativas de la investigaci\u00f3n<\/li><li>Toma de decisiones del jurado<\/li><li>Tratamiento de datos en ciencias sociales y de la salud<\/li><\/ul>\n\n\n\n<p class=\"has-text-color has-background has-medium-font-size has-very-light-gray-color has-pale-cyan-blue-background-color\"><strong><a href=\"https:\/\/ceinsaual.com\/es\/grupos-paidi\/hum-845\/\">Miembros<\/a><\/strong><\/p>\n\n\n\n<p class=\"has-text-color has-background has-medium-font-size has-very-light-gray-color has-vivid-cyan-blue-background-color\"> M\u00e1s informaci\u00f3n:\u00a0<a href=\"http:\/\/cvirtual.ual.es\/webual\/jsp\/investigacion\/nuevo\/pInicio.jsp?id_grupo=HUM845\" target=\"_blank\" rel=\"noreferrer noopener\" aria-label=\" (abre en una nueva pesta\u00f1a)\">cvirtual.ual.es<\/a><\/p>\n","protected":false},"excerpt":{"rendered":"<p>El grupo \u00abInvestigaci\u00f3n en ciencias sociales y de la salud: metodolog\u00eda y aplicaciones\u00bb pertenece al \u00e1rea tem\u00e1tica \u00abHumanidades\u00bb del Plan Andaluz de Investigaci\u00f3n.<\/p>\n","protected":false},"author":1,"featured_media":525,"parent":710,"menu_order":9,"comment_status":"closed","ping_status":"closed","template":"","meta":{"footnotes":"","_links_to":"","_links_to_target":""},"class_list":["post-524","page","type-page","status-publish","has-post-thumbnail","hentry"],"_links":{"self":[{"href":"https:\/\/ceinsaual.com\/es\/wp-json\/wp\/v2\/pages\/524","targetHints":{"allow":["GET"]}}],"collection":[{"href":"https:\/\/ceinsaual.com\/es\/wp-json\/wp\/v2\/pages"}],"about":[{"href":"https:\/\/ceinsaual.com\/es\/wp-json\/wp\/v2\/types\/page"}],"author":[{"embeddable":true,"href":"https:\/\/ceinsaual.com\/es\/wp-json\/wp\/v2\/users\/1"}],"replies":[{"embeddable":true,"href":"https:\/\/ceinsaual.com\/es\/wp-json\/wp\/v2\/comments?post=524"}],"version-history":[{"count":3,"href":"https:\/\/ceinsaual.com\/es\/wp-json\/wp\/v2\/pages\/524\/revisions"}],"predecessor-version":[{"id":977,"href":"https:\/\/ceinsaual.com\/es\/wp-json\/wp\/v2\/pages\/524\/revisions\/977"}],"up":[{"embeddable":true,"href":"https:\/\/ceinsaual.com\/es\/wp-json\/wp\/v2\/pages\/710"}],"wp:featuredmedia":[{"embeddable":true,"href":"https:\/\/ceinsaual.com\/es\/wp-json\/wp\/v2\/media\/525"}],"wp:attachment":[{"href":"https:\/\/ceinsaual.com\/es\/wp-json\/wp\/v2\/media?parent=524"}],"curies":[{"name":"wp","href":"https:\/\/api.w.org\/{rel}","templated":true}]}}