{"id":527,"date":"2019-07-22T14:43:59","date_gmt":"2019-07-22T12:43:59","guid":{"rendered":"https:\/\/ceinsaual.com\/es\/?page_id=527"},"modified":"2019-09-12T16:19:45","modified_gmt":"2019-09-12T14:19:45","slug":"hum-878-desarrollo-humano-e-intervencion-socioeducativa","status":"publish","type":"page","link":"https:\/\/ceinsaual.com\/es\/lineas-de-investigacion\/hum-878-desarrollo-humano-e-intervencion-socioeducativa\/","title":{"rendered":"HUM-878: Desarrollo Humano e Intervenci\u00f3n Socioeducativa"},"content":{"rendered":"\n<p class=\"has-medium-font-size\"> El grupo \u00abDesarrollo humano e intervenci\u00f3n socioeducativa\u00bb pertenece al  \u00e1rea tem\u00e1tica \u00abHumanidades\u00bb del Plan Andaluz de Investigaci\u00f3n. <\/p>\n\n\n\n<h3 class=\"wp-block-heading\">L\u00edneas de Investigaci\u00f3n<\/h3>\n\n\n\n<ul class=\"wp-block-list\"><li>Adultez y senectud<\/li><li>Atenci\u00f3n temprana y familia. &#8211; importancia del apego en atenci\u00f3n  temprana. &#8211; intervenci\u00f3n y atenci\u00f3n temprana en ni\u00f1os prematuros y\/o  bajo peso al nacer. &#8211; importancia de la atenci\u00f3n temprana en ni\u00f1os con  trastornos generalizados del desarrollo y sus familias.<\/li><li>Conducta vocacional y orientaci\u00f3n profesional<\/li><li>Dificultades de aprendizaje.<\/li><\/ul>\n\n\n\n<p class=\"has-text-color has-background has-medium-font-size has-very-light-gray-color has-pale-cyan-blue-background-color\"><strong><a href=\"https:\/\/ceinsaual.com\/es\/grupos-paidi\/hum-878\/\">Miembros<\/a><\/strong><\/p>\n\n\n\n<p class=\"has-text-color has-background has-medium-font-size has-very-light-gray-color has-vivid-cyan-blue-background-color\"> M\u00e1s informaci\u00f3n:<a href=\"http:\/\/cvirtual.ual.es\/webual\/jsp\/investigacion\/nuevo\/pInicio.jsp?id_grupo=HUM878\" target=\"_blank\" rel=\"noreferrer noopener\" aria-label=\" (abre en una nueva pesta\u00f1a)\">\u00a0cvirtual.ual.es<\/a><\/p>\n","protected":false},"excerpt":{"rendered":"<p>El grupo \u00abDesarrollo humano e intervenci\u00f3n socioeducativa\u00bb pertenece al \u00e1rea tem\u00e1tica \u00abHumanidades\u00bb del Plan Andaluz de Investigaci\u00f3n.<\/p>\n","protected":false},"author":1,"featured_media":528,"parent":710,"menu_order":10,"comment_status":"closed","ping_status":"closed","template":"","meta":{"footnotes":"","_links_to":"","_links_to_target":""},"class_list":["post-527","page","type-page","status-publish","has-post-thumbnail","hentry"],"_links":{"self":[{"href":"https:\/\/ceinsaual.com\/es\/wp-json\/wp\/v2\/pages\/527","targetHints":{"allow":["GET"]}}],"collection":[{"href":"https:\/\/ceinsaual.com\/es\/wp-json\/wp\/v2\/pages"}],"about":[{"href":"https:\/\/ceinsaual.com\/es\/wp-json\/wp\/v2\/types\/page"}],"author":[{"embeddable":true,"href":"https:\/\/ceinsaual.com\/es\/wp-json\/wp\/v2\/users\/1"}],"replies":[{"embeddable":true,"href":"https:\/\/ceinsaual.com\/es\/wp-json\/wp\/v2\/comments?post=527"}],"version-history":[{"count":3,"href":"https:\/\/ceinsaual.com\/es\/wp-json\/wp\/v2\/pages\/527\/revisions"}],"predecessor-version":[{"id":978,"href":"https:\/\/ceinsaual.com\/es\/wp-json\/wp\/v2\/pages\/527\/revisions\/978"}],"up":[{"embeddable":true,"href":"https:\/\/ceinsaual.com\/es\/wp-json\/wp\/v2\/pages\/710"}],"wp:featuredmedia":[{"embeddable":true,"href":"https:\/\/ceinsaual.com\/es\/wp-json\/wp\/v2\/media\/528"}],"wp:attachment":[{"href":"https:\/\/ceinsaual.com\/es\/wp-json\/wp\/v2\/media?parent=527"}],"curies":[{"name":"wp","href":"https:\/\/api.w.org\/{rel}","templated":true}]}}