{"id":63,"date":"2016-10-17T14:45:10","date_gmt":"2016-10-17T14:45:10","guid":{"rendered":"http:\/\/www.demo.acmethemes.com\/education-base\/?page_id=63"},"modified":"2019-09-12T15:01:48","modified_gmt":"2019-09-12T13:01:48","slug":"elcentro","status":"publish","type":"page","link":"https:\/\/ceinsaual.com\/es\/elcentro\/","title":{"rendered":"EL CENTRO"},"content":{"rendered":"\n<br><br>\n<p class=\"has-medium-font-size\">El Centro de Investigaci\u00f3n en Salud-UAL es un centro de investigaci\u00f3n propio de la Universidad de Almer\u00eda, dedicado a la investigaci\u00f3n cient\u00edfica o t\u00e9cnica relacionada con las \u00e1reas y l\u00edneas de especializaci\u00f3n de los grupos de investigaci\u00f3n adscritos al Centro.<\/p>\n\n\n\n<p class=\"has-medium-font-size\">La actividad principal es la investigaci\u00f3n y la transferencia, pero asimismo se pueden desarrollar tareas de formaci\u00f3n, especialmente de posgrado.  <\/p>\n\n\n\n<div class=\"wp-block-image\"><figure class=\"aligncenter\"><img loading=\"lazy\" decoding=\"async\" width=\"450\" height=\"328\" src=\"https:\/\/ceinsaual.com\/es\/wp-content\/uploads\/2019\/07\/logo.jpg\" alt=\"\" class=\"wp-image-547\" srcset=\"https:\/\/ceinsaual.com\/es\/wp-content\/uploads\/2019\/07\/logo.jpg 450w, https:\/\/ceinsaual.com\/es\/wp-content\/uploads\/2019\/07\/logo-300x219.jpg 300w\" sizes=\"auto, (max-width: 450px) 100vw, 450px\" \/><\/figure><\/div>\n\n\n\n<div class=\"wp-block-image\"><figure class=\"aligncenter\"><img loading=\"lazy\" decoding=\"async\" width=\"1024\" height=\"768\" src=\"https:\/\/ceinsaual.com\/es\/wp-content\/uploads\/2019\/07\/testimonios-1024x768.jpg\" alt=\"\" class=\"wp-image-574\" srcset=\"https:\/\/ceinsaual.com\/es\/wp-content\/uploads\/2019\/07\/testimonios-1024x768.jpg 1024w, https:\/\/ceinsaual.com\/es\/wp-content\/uploads\/2019\/07\/testimonios-300x225.jpg 300w, https:\/\/ceinsaual.com\/es\/wp-content\/uploads\/2019\/07\/testimonios-768x576.jpg 768w, https:\/\/ceinsaual.com\/es\/wp-content\/uploads\/2019\/07\/testimonios.jpg 1280w\" sizes=\"auto, (max-width: 1024px) 100vw, 1024px\" \/><\/figure><\/div>\n\n\n\n<p><\/p>\n","protected":false},"excerpt":{"rendered":"<p>El Centro de Investigaci\u00f3n en Salud-UAL es un centro de investigaci\u00f3n propio de la Universidad de Almer\u00eda, dedicado a la investigaci\u00f3n cient\u00edfica o t\u00e9cnica relacionada con las \u00e1reas y l\u00edneas de especializaci\u00f3n de los grupos de investigaci\u00f3n adscritos al Centro. La actividad principal es la investigaci\u00f3n y la transferencia, pero asimismo se pueden desarrollar tareas de formaci\u00f3n, especialmente de posgrado.  <\/p>\n","protected":false},"author":1,"featured_media":443,"parent":0,"menu_order":0,"comment_status":"closed","ping_status":"closed","template":"","meta":{"footnotes":"","_links_to":"","_links_to_target":""},"class_list":["post-63","page","type-page","status-publish","has-post-thumbnail","hentry"],"_links":{"self":[{"href":"https:\/\/ceinsaual.com\/es\/wp-json\/wp\/v2\/pages\/63","targetHints":{"allow":["GET"]}}],"collection":[{"href":"https:\/\/ceinsaual.com\/es\/wp-json\/wp\/v2\/pages"}],"about":[{"href":"https:\/\/ceinsaual.com\/es\/wp-json\/wp\/v2\/types\/page"}],"author":[{"embeddable":true,"href":"https:\/\/ceinsaual.com\/es\/wp-json\/wp\/v2\/users\/1"}],"replies":[{"embeddable":true,"href":"https:\/\/ceinsaual.com\/es\/wp-json\/wp\/v2\/comments?post=63"}],"version-history":[{"count":10,"href":"https:\/\/ceinsaual.com\/es\/wp-json\/wp\/v2\/pages\/63\/revisions"}],"predecessor-version":[{"id":920,"href":"https:\/\/ceinsaual.com\/es\/wp-json\/wp\/v2\/pages\/63\/revisions\/920"}],"wp:featuredmedia":[{"embeddable":true,"href":"https:\/\/ceinsaual.com\/es\/wp-json\/wp\/v2\/media\/443"}],"wp:attachment":[{"href":"https:\/\/ceinsaual.com\/es\/wp-json\/wp\/v2\/media?parent=63"}],"curies":[{"name":"wp","href":"https:\/\/api.w.org\/{rel}","templated":true}]}}