{"id":710,"date":"2019-09-11T12:03:30","date_gmt":"2019-09-11T10:03:30","guid":{"rendered":"https:\/\/ceinsaual.com\/es\/?page_id=710"},"modified":"2024-10-10T19:42:30","modified_gmt":"2024-10-10T17:42:30","slug":"lineas-de-investigacion","status":"publish","type":"page","link":"https:\/\/ceinsaual.com\/es\/lineas-de-investigacion\/","title":{"rendered":"L\u00edneas de Investigaci\u00f3n"},"content":{"rendered":"\n<p class=\"has-text-color has-large-font-size has-luminous-vivid-orange-color\">L\u00cdNEAS DE INVESTIGACI\u00d3N DEL CENTRO<\/p>\n<br><br>\n\n\n\n<p class=\"has-black-color has-text-color has-medium-font-size\"><a href=\"https:\/\/ceinsaual.com\/es\/lineas-de-investigacion\/hum-057-avances-en-intervencion-y-epidemiologia-con-infancia-adolescencia-y-familias\/\">HUM-057: Avances en Intervenci\u00f3n y Epidemiolog\u00eda con Infancia, Adolescencia y Familias<\/a><\/p>\n\n\n\n<p class=\"has-black-color has-text-color has-medium-font-size\"><a href=\"https:\/\/ceinsaual.com\/es\/lineas-de-investigacion\/hum-061-neuropsicologia-experimental-y-aplicada\/\">HUM-061: Neuropsicolog\u00eda Experimental y Aplicada<\/a><\/p>\n\n\n\n<p class=\"has-black-color has-text-color has-medium-font-size\"><a href=\"https:\/\/ceinsaual.com\/es\/lineas-de-investigacion\/hum-498-intervencion-psicologica-en-desarrollo-educativo-y-orientacion\/\">HUM-498: Intervenci\u00f3n Psicol\u00f3gica en Desarrollo Educativo y Orientaci\u00f3n<\/a><\/p>\n\n\n\n<p class=\"has-black-color has-text-color has-medium-font-size\"><a href=\"https:\/\/ceinsaual.com\/es\/lineas-de-investigacion\/hum-628-contextos-en-el-aprendizaje-escolar-en-educacion-fisica-y-habitos-de-salud\/\">HUM-628: Contextos en el Aprendizaje Escolar en Educaci\u00f3n F\u00edsica y H\u00e1bitos de Salud<\/a><\/p>\n\n\n\n<p class=\"has-black-color has-text-color has-medium-font-size\"><a href=\"https:\/\/ceinsaual.com\/es\/lineas-de-investigacion\/hum-745-analisis-clinico-y-experimental-en-psicologia\/\">HUM-745: An\u00e1lisis Cl\u00ednico y Experimental en Psicolog\u00eda<\/a><\/p>\n\n\n\n<p class=\"has-black-color has-text-color has-medium-font-size\"><a href=\"https:\/\/ceinsaual.com\/es\/lineas-de-investigacion\/hum-746-investigacion-psicoeducativa-y-psicopedagogica\/\">HUM-746: Investigaci\u00f3n Psicoeducativa y Psicopedag\u00f3gica<\/a><\/p>\n\n\n\n<p class=\"has-black-color has-text-color has-medium-font-size\"><a href=\"https:\/\/ceinsaual.com\/es\/lineas-de-investigacion\/hum-792-intervencion-psicosocial-y-salud\/\">HUM-792: Intervenci\u00f3n Psicosocial y Salud<\/a><\/p>\n\n\n\n<p class=\"has-black-color has-text-color has-medium-font-size\"><a href=\"https:\/\/ceinsaual.com\/es\/lineas-de-investigacion\/hum-845-investigacion-en-ciencias-sociales-y-de-la-salud-metodologia-y-aplicaciones\/\">HUM-845: Investigaci\u00f3n en Ciencias Sociales y de la Salud: Metodolog\u00eda y Aplicaciones<\/a><\/p>\n\n\n\n<p class=\"has-black-color has-text-color has-medium-font-size\"><a href=\"https:\/\/ceinsaual.com\/es\/lineas-de-investigacion\/hum-878-desarrollo-humano-e-intervencion-socioeducativa\/\">HUM-878: Desarrollo Humano e Intervenci\u00f3n Socioeducativa<\/a><\/p>\n\n\n\n<p class=\"has-black-color has-text-color has-medium-font-size\"><a href=\"https:\/\/ceinsaual.com\/es\/lineas-de-investigacion\/hum-891-investigacion-en-neurociencia-cognitiva\/\">HUM-891: Investigaci\u00f3n en Neurociencia Cognitiva<\/a><\/p>\n\n\n\n<p class=\"has-black-color has-text-color has-medium-font-size\"><a href=\"https:\/\/ceinsaual.com\/es\/lineas-de-investigacion\/hum-923-investigacion-en-psicologia-del-trabajo-organizaciones-y-recursos-humanos-de-almeria\/\">HUM-923: Investigaci\u00f3n en Psicolog\u00eda del Trabajo, Organizaciones y Recursos Humanos de Almer\u00eda<\/a><\/p>\n\n\n\n<p class=\"has-black-color has-text-color has-medium-font-size\"><a href=\"https:\/\/ceinsaual.com\/es\/lineas-de-investigacion\/hum-1047-psicometria-neurociencia-y-salud\/\">HUM-1047: Psicometr\u00eda, Neurociencia y Salud<\/a><\/p>\n\n\n\n<p class=\"has-black-color has-text-color has-medium-font-size\"><a href=\"https:\/\/ceinsaual.com\/es\/lineas-de-investigacion\/cts-411-plaguicidas-salud-y-medio-ambiente\/\">CTS-411: Plaguicidas, Salud y Medio Ambiente<\/a><\/p>\n\n\n\n<p class=\"has-black-color has-text-color has-medium-font-size\"><a href=\"https:\/\/ceinsaual.com\/es\/lineas-de-investigacion\/cts-451-ciencias-de-la-salud\/\">CTS-451: Ciencias de la Salud<\/a><\/p>\n\n\n\n<p class=\"has-black-color has-text-color has-medium-font-size\"><a href=\"https:\/\/ceinsaual.com\/es\/lineas-de-investigacion\/cts-1104-grupo-de-investigacion-tecnohealth\/\" data-type=\"URL\" data-id=\"https:\/\/ceinsaual.com\/es\/grupos-paidi\/cts-1104-grupo-de-investigacion-tecnohealth\/\">CTS-1104: Grupo de Investigaci\u00f3n Tecnohealthd<\/a><\/p>\n\n\n\n<p class=\"has-black-color has-text-color has-medium-font-size\"><a href=\"https:\/\/ceinsaual.com\/es\/lineas-de-investigacion\/cts-1127-epidemiologia-y-salud-publica-episap\/\" data-type=\"page\" data-id=\"1829\">CTS 1127: Epidemiolog\u00eda y Salud P\u00fablica (EpiSap)<\/a><\/p>\n\n\n\n<p class=\"has-black-color has-text-color has-medium-font-size\"><a href=\"https:\/\/ceinsaual.com\/es\/lineas-de-investigacion\/cts-1114-avances-e-innovacion-en-salud\/\" data-type=\"page\" data-id=\"1832\">CTS 1114:\u00a0Avances e Innovaci\u00f3n En Salud<\/a><\/p>\n\n\n\n<p class=\"has-black-color has-text-color has-medium-font-size\"><a href=\"https:\/\/ceinsaual.com\/es\/lineas-de-investigacion\/tic146-supercomputacion-algoritmos\/\" data-type=\"page\" data-id=\"1834\">TIC146 Supercomputaci\u00f3n-Algoritmos<\/a><\/p>\n\n\n<p><!--EndFragment--><\/p>\n\n\n<p><\/p>\n","protected":false},"excerpt":{"rendered":"<p>L\u00cdNEAS DE INVESTIGACI\u00d3N DEL CENTRO HUM-057: Avances en Intervenci\u00f3n y Epidemiolog\u00eda con Infancia, Adolescencia y Familias HUM-061: Neuropsicolog\u00eda Experimental y Aplicada HUM-498: Intervenci\u00f3n Psicol\u00f3gica en Desarrollo Educativo y Orientaci\u00f3n HUM-628: Contextos en el Aprendizaje Escolar en Educaci\u00f3n F\u00edsica y H\u00e1bitos de Salud HUM-745: An\u00e1lisis Cl\u00ednico y Experimental en Psicolog\u00eda HUM-746: Investigaci\u00f3n Psicoeducativa y Psicopedag\u00f3gica HUM-792:&hellip;<\/p>\n","protected":false},"author":1,"featured_media":0,"parent":0,"menu_order":0,"comment_status":"closed","ping_status":"closed","template":"","meta":{"footnotes":"","_links_to":"","_links_to_target":""},"class_list":["post-710","page","type-page","status-publish","hentry"],"_links":{"self":[{"href":"https:\/\/ceinsaual.com\/es\/wp-json\/wp\/v2\/pages\/710","targetHints":{"allow":["GET"]}}],"collection":[{"href":"https:\/\/ceinsaual.com\/es\/wp-json\/wp\/v2\/pages"}],"about":[{"href":"https:\/\/ceinsaual.com\/es\/wp-json\/wp\/v2\/types\/page"}],"author":[{"embeddable":true,"href":"https:\/\/ceinsaual.com\/es\/wp-json\/wp\/v2\/users\/1"}],"replies":[{"embeddable":true,"href":"https:\/\/ceinsaual.com\/es\/wp-json\/wp\/v2\/comments?post=710"}],"version-history":[{"count":18,"href":"https:\/\/ceinsaual.com\/es\/wp-json\/wp\/v2\/pages\/710\/revisions"}],"predecessor-version":[{"id":1838,"href":"https:\/\/ceinsaual.com\/es\/wp-json\/wp\/v2\/pages\/710\/revisions\/1838"}],"wp:attachment":[{"href":"https:\/\/ceinsaual.com\/es\/wp-json\/wp\/v2\/media?parent=710"}],"curies":[{"name":"wp","href":"https:\/\/api.w.org\/{rel}","templated":true}]}}