{"id":750,"date":"2019-09-11T13:47:44","date_gmt":"2019-09-11T11:47:44","guid":{"rendered":"https:\/\/ceinsaual.com\/es\/?page_id=750"},"modified":"2023-03-15T20:39:44","modified_gmt":"2023-03-15T18:39:44","slug":"hum-057","status":"publish","type":"page","link":"https:\/\/ceinsaual.com\/es\/grupos-paidi\/hum-057\/","title":{"rendered":"HUM-057: Avances en Intervenci\u00f3n y Epidemiolog\u00eda con Infancia, Adolescencia y Familias"},"content":{"rendered":"\n<p class=\"has-vivid-cyan-blue-color has-text-color has-medium-font-size\"><a rel=\"noreferrer noopener\" href=\"http:\/\/brujula.ual.es\/research-groups\/114-avances-en-intervencion-y-epidemiologia-con-infancia--adolescencia-y-familias\" target=\"_blank\"><strong>Avances en Intervenci\u00f3n y Epidemiolog\u00eda con Infancia, Adolescencia y Familias<\/strong><\/a><strong> <\/strong><\/p>\n\n\n\n<h3 class=\"wp-block-heading\">Miembros<\/h3>\n\n\n\n<p><a href=\"http:\/\/brujula.ual.es\/authors\/3150\">Belda,\nCarlos<\/a> (Miembro) \n<\/p>\n\n\n\n<p><a href=\"http:\/\/brujula.ual.es\/authors\/3151\">Cobos,\nLidia<\/a> (Miembro) \n<\/p>\n\n\n\n<p><a href=\"http:\/\/brujula.ual.es\/authors\/3152\">De\nlas Heras Rodr\u00edguez, Ram\u00f3n<\/a> (Miembro) \n<\/p>\n\n\n\n<p><a href=\"http:\/\/brujula.ual.es\/authors\/3153\">Fern\u00e1ndez\nS\u00e1nchez, Mar\u00eda del Carmen<\/a> (Miembro) \n<\/p>\n\n\n\n<p><a href=\"http:\/\/brujula.ual.es\/authors\/3154\">Flujas\nContreras, Juan Miguel<\/a> (Miembro) \n<\/p>\n\n\n\n<p><a href=\"http:\/\/brujula.ual.es\/authors\/3155\">Garc\u00eda\nBarranco, Mar\u00eda Rosa<\/a> (Miembro) \n<\/p>\n\n\n\n<p><a href=\"http:\/\/brujula.ual.es\/authors\/3156\">Garc\u00eda\nCruz, Carlos V\u00edctor<\/a> (Miembro) \n<\/p>\n\n\n\n<p><a href=\"http:\/\/brujula.ual.es\/authors\/393\">G\u00f3mez\nBecerra, Mar\u00eda Inmaculada<\/a> (Investigador Principal) \n<\/p>\n\n\n\n<p><a href=\"http:\/\/brujula.ual.es\/authors\/3157\">L\u00f3pez\nL\u00f3pez, Francisco<\/a> (Miembro) \n<\/p>\n\n\n\n<p><a href=\"http:\/\/brujula.ual.es\/authors\/3158\">Mart\u00edn\nGarc\u00eda, Mar\u00eda Jes\u00fas<\/a> (Miembro) \n<\/p>\n\n\n\n<p><a href=\"http:\/\/brujula.ual.es\/authors\/3159\">Mart\u00ednez\nDomene, Manuel<\/a> (Miembro) \n<\/p>\n\n\n\n<p><a href=\"http:\/\/brujula.ual.es\/authors\/582\">Mart\u00ednez\nde Salazar Arboleas, Alma Dolores<\/a> (Miembro) \n<\/p>\n\n\n\n<p><a href=\"http:\/\/brujula.ual.es\/authors\/3160\">Ruiz\nCasta\u00f1eda, Dyanne<\/a> (Miembro) \n<\/p>\n\n\n\n<p><a href=\"http:\/\/brujula.ual.es\/authors\/3161\">Villegas Mar\u00edn, Mar\u00eda del Rosario<\/a> (Miembro)  <\/p>\n\n\n\n<p class=\"has-black-color has-pale-cyan-blue-background-color has-text-color has-background has-medium-font-size\"><a href=\"https:\/\/ceinsaual.com\/es\/lineas-de-investigacion\/hum-057-avances-en-intervencion-y-epidemiologia-con-infancia-adolescencia-y-familias\/\"><b>L\u00edneas de Investigaci\u00f3n<\/b><\/a><\/p>\n\n\n\n<p class=\"has-black-color has-vivid-cyan-blue-background-color has-text-color has-background has-medium-font-size\"><a href=\"http:\/\/brujula.ual.es\/research-groups\/114-avances-en-intervencion-y-epidemiologia-con-infancia--adolescencia-y-familias\">M\u00e1s informaci\u00f3n: www.brujula.ual.es<\/a><\/p>\n","protected":false},"excerpt":{"rendered":"<p>El grupo \u00abAvances en intervenci\u00f3n y epidemiolog\u00eda con infancia, adolescencia y familias\u00bb pertenece al \u00e1rea tem\u00e1tica \u00abHumanidades\u00bb del Plan Andaluz de Investigaci\u00f3n.<\/p>\n","protected":false},"author":1,"featured_media":516,"parent":472,"menu_order":1,"comment_status":"closed","ping_status":"closed","template":"","meta":{"footnotes":"","_links_to":"","_links_to_target":""},"class_list":["post-750","page","type-page","status-publish","has-post-thumbnail","hentry"],"_links":{"self":[{"href":"https:\/\/ceinsaual.com\/es\/wp-json\/wp\/v2\/pages\/750","targetHints":{"allow":["GET"]}}],"collection":[{"href":"https:\/\/ceinsaual.com\/es\/wp-json\/wp\/v2\/pages"}],"about":[{"href":"https:\/\/ceinsaual.com\/es\/wp-json\/wp\/v2\/types\/page"}],"author":[{"embeddable":true,"href":"https:\/\/ceinsaual.com\/es\/wp-json\/wp\/v2\/users\/1"}],"replies":[{"embeddable":true,"href":"https:\/\/ceinsaual.com\/es\/wp-json\/wp\/v2\/comments?post=750"}],"version-history":[{"count":16,"href":"https:\/\/ceinsaual.com\/es\/wp-json\/wp\/v2\/pages\/750\/revisions"}],"predecessor-version":[{"id":1725,"href":"https:\/\/ceinsaual.com\/es\/wp-json\/wp\/v2\/pages\/750\/revisions\/1725"}],"up":[{"embeddable":true,"href":"https:\/\/ceinsaual.com\/es\/wp-json\/wp\/v2\/pages\/472"}],"wp:featuredmedia":[{"embeddable":true,"href":"https:\/\/ceinsaual.com\/es\/wp-json\/wp\/v2\/media\/516"}],"wp:attachment":[{"href":"https:\/\/ceinsaual.com\/es\/wp-json\/wp\/v2\/media?parent=750"}],"curies":[{"name":"wp","href":"https:\/\/api.w.org\/{rel}","templated":true}]}}