{"id":771,"date":"2019-09-11T14:18:01","date_gmt":"2019-09-11T12:18:01","guid":{"rendered":"https:\/\/ceinsaual.com\/es\/?page_id=771"},"modified":"2020-03-10T13:10:15","modified_gmt":"2020-03-10T11:10:15","slug":"hum-498","status":"publish","type":"page","link":"https:\/\/ceinsaual.com\/es\/grupos-paidi\/hum-498\/","title":{"rendered":"HUM-498: Intervenci\u00f3n Psicol\u00f3gica en Desarrollo Educativo y Orientaci\u00f3n"},"content":{"rendered":"\n<p class=\"has-text-color has-medium-font-size has-luminous-vivid-orange-color\"><a rel=\"noreferrer noopener\" href=\"http:\/\/brujula.ual.es\/research-groups\/56-intervencion-psic--en-desarrollo-educativo-y-orientacion\" target=\"_blank\">Intervenci\u00f3n Psicol\u00f3gica en Desarrollo Educativo y Orientaci\u00f3n<\/a><\/p>\n\n\n\n<p class=\"has-medium-font-size\">Miembros<\/p>\n\n\n\n<p><a href=\"http:\/\/brujula.ual.es\/authors\/3227\">D\u00edaz\nL\u00f3pez, M\u00aa del Pilar<\/a> (Miembro) \n<\/p>\n\n\n\n<p><a href=\"http:\/\/brujula.ual.es\/authors\/3228\">Justo\nMart\u00ednez, Eduardo<\/a> (Miembro) \n<\/p>\n\n\n\n<p><a href=\"http:\/\/brujula.ual.es\/authors\/550\">Lucas\nAci\u00e9n, Francisca<\/a> (Colaborador) \n<\/p>\n\n\n\n<p><a href=\"http:\/\/brujula.ual.es\/authors\/542\">L\u00f3pez\nLiria, Remedios<\/a> (Miembro) \n<\/p>\n\n\n\n<p><a href=\"http:\/\/brujula.ual.es\/authors\/1906\">Miras\nMart\u00ednez, Francisco<\/a> (Colaborador) \n<\/p>\n\n\n\n<p><a href=\"http:\/\/brujula.ual.es\/authors\/1799\">Padilla\nG\u00f3ngora, David<\/a> (Investigador Principal) \n<\/p>\n\n\n\n<p><a href=\"http:\/\/brujula.ual.es\/authors\/802\">Rocamora\nP\u00e9rez, Patricia<\/a> (Miembro) \n<\/p>\n\n\n\n<p><a href=\"http:\/\/brujula.ual.es\/authors\/859\">Ruiz\nM\u00e1rquez, Trinidad<\/a> (Miembro) \n<\/p>\n\n\n\n<p><a href=\"http:\/\/brujula.ual.es\/authors\/2296\">Valls Fern\u00e1ndez, Federico<\/a> (Colaborador)  <\/p>\n\n\n\n<p class=\"has-text-color has-background has-medium-font-size has-very-light-gray-color has-pale-cyan-blue-background-color\"><strong><a href=\"https:\/\/ceinsaual.com\/es\/lineas-de-investigacion\/hum-498-intervencion-psicologica-en-desarrollo-educativo-y-orientacion\/\">L\u00edneas de Investigaci\u00f3n<\/a><\/strong><\/p>\n\n\n\n<p class=\"has-text-color has-background has-medium-font-size has-very-light-gray-color has-vivid-cyan-blue-background-color\">M\u00e1s informaci\u00f3n: <a href=\"http:\/\/brujula.ual.es\/research-groups\/56-intervencion-psic--en-desarrollo-educativo-y-orientacion\">www.brujula.ual.es<\/a><\/p>\n","protected":false},"excerpt":{"rendered":"<p>El Grupo est\u00e1 formado por profesores universitarios y otros de   niveles  no universitarios, de la administraci\u00f3n educativa y   profesionales que  desarrollan su actividad en centros de salud,   asociaciones de  discapacitados y residencias de mayores.<\/p>\n","protected":false},"author":1,"featured_media":487,"parent":472,"menu_order":3,"comment_status":"closed","ping_status":"closed","template":"","meta":{"footnotes":"","_links_to":"","_links_to_target":""},"class_list":["post-771","page","type-page","status-publish","has-post-thumbnail","hentry"],"_links":{"self":[{"href":"https:\/\/ceinsaual.com\/es\/wp-json\/wp\/v2\/pages\/771","targetHints":{"allow":["GET"]}}],"collection":[{"href":"https:\/\/ceinsaual.com\/es\/wp-json\/wp\/v2\/pages"}],"about":[{"href":"https:\/\/ceinsaual.com\/es\/wp-json\/wp\/v2\/types\/page"}],"author":[{"embeddable":true,"href":"https:\/\/ceinsaual.com\/es\/wp-json\/wp\/v2\/users\/1"}],"replies":[{"embeddable":true,"href":"https:\/\/ceinsaual.com\/es\/wp-json\/wp\/v2\/comments?post=771"}],"version-history":[{"count":3,"href":"https:\/\/ceinsaual.com\/es\/wp-json\/wp\/v2\/pages\/771\/revisions"}],"predecessor-version":[{"id":1141,"href":"https:\/\/ceinsaual.com\/es\/wp-json\/wp\/v2\/pages\/771\/revisions\/1141"}],"up":[{"embeddable":true,"href":"https:\/\/ceinsaual.com\/es\/wp-json\/wp\/v2\/pages\/472"}],"wp:featuredmedia":[{"embeddable":true,"href":"https:\/\/ceinsaual.com\/es\/wp-json\/wp\/v2\/media\/487"}],"wp:attachment":[{"href":"https:\/\/ceinsaual.com\/es\/wp-json\/wp\/v2\/media?parent=771"}],"curies":[{"name":"wp","href":"https:\/\/api.w.org\/{rel}","templated":true}]}}