{"id":774,"date":"2019-09-11T14:24:20","date_gmt":"2019-09-11T12:24:20","guid":{"rendered":"https:\/\/ceinsaual.com\/es\/?page_id=774"},"modified":"2023-02-16T11:33:17","modified_gmt":"2023-02-16T09:33:17","slug":"hum-628","status":"publish","type":"page","link":"https:\/\/ceinsaual.com\/es\/grupos-paidi\/hum-628\/","title":{"rendered":"HUM-628: Contextos en el Aprendizaje Escolar en Educaci\u00f3n F\u00edsica y H\u00e1bitos de Salud"},"content":{"rendered":"\n<p class=\"has-luminous-vivid-orange-color has-text-color has-medium-font-size\"><a rel=\"noreferrer noopener\" href=\"http:\/\/brujula.ual.es\/research-groups\/100-contextos-en-el-aprendizaje-escolar-en-educ--fisica-y-habitos-de-salud\" target=\"_blank\">Contextos en el Aprendizaje Escolar en Educaci\u00f3n F\u00edsica y H\u00e1bitos de Salud<\/a><\/p>\n\n\n\n<p class=\"has-medium-font-size\">Miembros<\/p>\n\n\n\n<p><a href=\"http:\/\/brujula.ual.es\/authors\/3244\">Alcaraz\nIb\u00e1\u00f1ez, Manuel<\/a> (Miembro) \n<\/p>\n\n\n\n<p><a href=\"http:\/\/brujula.ual.es\/authors\/1690\">Carrasco\nPoyatos, Mar\u00eda<\/a> (Miembro) \n<\/p>\n\n\n\n<p><a href=\"http:\/\/brujula.ual.es\/authors\/3245\">Dumitru\nSopirla, Delia Carmen<\/a> (Miembro) \n<\/p>\n\n\n\n<p><a href=\"http:\/\/brujula.ual.es\/authors\/300\">Ferriz\nMorell, Roberto<\/a> (Miembro) \n<\/p>\n\n\n\n<p><a href=\"http:\/\/brujula.ual.es\/authors\/2815\">Gonz\u00e1lez-Cutre\nColl, David<\/a> (Colaborador) \n<\/p>\n\n\n\n<p><a href=\"http:\/\/brujula.ual.es\/authors\/430\">Granero\nGallegos, Antonio<\/a> (Miembro) \n<\/p>\n\n\n\n<p><a href=\"http:\/\/brujula.ual.es\/authors\/504\">Lirola\nManzano, Mar\u00eda Jes\u00fas<\/a> (Miembro) \n<\/p>\n\n\n\n<p><a href=\"http:\/\/brujula.ual.es\/authors\/2946\">L\u00f3pez\nMi\u00f1arro, Pedro \u00c1ngel<\/a> (Colaborador) \n<\/p>\n\n\n\n<p><a href=\"http:\/\/brujula.ual.es\/authors\/674\">Muyor\nRodr\u00edguez, Jos\u00e9 Mar\u00eda<\/a> (Investigador Principal) \n<\/p>\n\n\n\n<p><a href=\"http:\/\/brujula.ual.es\/authors\/709\">Orta\nCant\u00f3n, Antonio<\/a> (Miembro) \n<\/p>\n\n\n\n<p><a href=\"http:\/\/brujula.ual.es\/authors\/932\">Sicilia Camacho, \u00c1lvaro<\/a> (Miembro)  <\/p>\n\n\n\n<p><a href=\"https:\/\/brujula.ual.es\/authors\/4362.html\" data-type=\"URL\" data-id=\"https:\/\/brujula.ual.es\/authors\/4362.html\">Rubio Arias, Jacobo \u00c1ngel<\/a> (Miembro)<\/p>\n\n\n\n<p class=\"has-very-light-gray-color has-pale-cyan-blue-background-color has-text-color has-background has-medium-font-size\"><strong><a href=\"https:\/\/ceinsaual.com\/es\/lineas-de-investigacion\/hum-628-contextos-en-el-aprendizaje-escolar-en-educacion-fisica-y-habitos-de-salud\/\">L\u00edneas de Investigaci\u00f3n<\/a><\/strong><\/p>\n\n\n\n<p class=\"has-very-light-gray-color has-vivid-cyan-blue-background-color has-text-color has-background has-medium-font-size\">M\u00e1s informaci\u00f3n: <a href=\"http:\/\/brujula.ual.es\/research-groups\/100-contextos-en-el-aprendizaje-escolar-en-educ--fisica-y-habitos-de-salud\" target=\"_blank\" rel=\"noreferrer noopener\" aria-label=\"www.brujula.ual.es (abre en una nueva pesta\u00f1a)\">www.brujula.ual.es<\/a><\/p>\n","protected":false},"excerpt":{"rendered":"<p>El objetivo b\u00e1sico del Grupo es el intercambio de ideas,   planteamientos y reflexiones sobre distintos aspectos relacionados con  la  promoci\u00f3n del ejercicio f\u00edsico y h\u00e1bitos saludables.<\/p>\n","protected":false},"author":1,"featured_media":866,"parent":472,"menu_order":4,"comment_status":"closed","ping_status":"closed","template":"","meta":{"footnotes":"","_links_to":"","_links_to_target":""},"class_list":["post-774","page","type-page","status-publish","has-post-thumbnail","hentry"],"_links":{"self":[{"href":"https:\/\/ceinsaual.com\/es\/wp-json\/wp\/v2\/pages\/774","targetHints":{"allow":["GET"]}}],"collection":[{"href":"https:\/\/ceinsaual.com\/es\/wp-json\/wp\/v2\/pages"}],"about":[{"href":"https:\/\/ceinsaual.com\/es\/wp-json\/wp\/v2\/types\/page"}],"author":[{"embeddable":true,"href":"https:\/\/ceinsaual.com\/es\/wp-json\/wp\/v2\/users\/1"}],"replies":[{"embeddable":true,"href":"https:\/\/ceinsaual.com\/es\/wp-json\/wp\/v2\/comments?post=774"}],"version-history":[{"count":5,"href":"https:\/\/ceinsaual.com\/es\/wp-json\/wp\/v2\/pages\/774\/revisions"}],"predecessor-version":[{"id":1700,"href":"https:\/\/ceinsaual.com\/es\/wp-json\/wp\/v2\/pages\/774\/revisions\/1700"}],"up":[{"embeddable":true,"href":"https:\/\/ceinsaual.com\/es\/wp-json\/wp\/v2\/pages\/472"}],"wp:featuredmedia":[{"embeddable":true,"href":"https:\/\/ceinsaual.com\/es\/wp-json\/wp\/v2\/media\/866"}],"wp:attachment":[{"href":"https:\/\/ceinsaual.com\/es\/wp-json\/wp\/v2\/media?parent=774"}],"curies":[{"name":"wp","href":"https:\/\/api.w.org\/{rel}","templated":true}]}}