{"id":780,"date":"2019-09-11T14:35:11","date_gmt":"2019-09-11T12:35:11","guid":{"rendered":"https:\/\/ceinsaual.com\/es\/?page_id=780"},"modified":"2020-03-10T13:12:34","modified_gmt":"2020-03-10T11:12:34","slug":"hum-746","status":"publish","type":"page","link":"https:\/\/ceinsaual.com\/es\/grupos-paidi\/hum-746\/","title":{"rendered":"HUM-746: Investigaci\u00f3n Psicoeducativa y Psicopedag\u00f3gica"},"content":{"rendered":"\n<p class=\"has-text-color has-medium-font-size has-luminous-vivid-orange-color\"><a rel=\"noreferrer noopener\" href=\"http:\/\/brujula.ual.es\/research-groups\/4-investigacion-psicoeducativa-y-psicopedagogica\" target=\"_blank\">Investigaci\u00f3n Psicoeducativa y Psicopedag\u00f3gica<\/a><\/p>\n\n\n\n<p class=\"has-medium-font-size\">Miembros<\/p>\n\n\n\n<p><a href=\"http:\/\/brujula.ual.es\/authors\/1974\">Cardelle-Elawar,\nMar\u00eda<\/a> (Colaborador) \n<\/p>\n\n\n\n<p><a href=\"http:\/\/brujula.ual.es\/authors\/3290\">Chaichio\nMoreno, Juan Antonio<\/a> (Miembro) \n<\/p>\n\n\n\n<p><a href=\"http:\/\/brujula.ual.es\/authors\/1822\">Fuente\nArias, Jes\u00fas de la<\/a> (Miembro) \n<\/p>\n\n\n\n<p><a href=\"http:\/\/brujula.ual.es\/authors\/614\">Mart\u00ednez\nVicente, Jos\u00e9 Manuel<\/a> (Miembro) \n<\/p>\n\n\n\n<p><a href=\"http:\/\/brujula.ual.es\/authors\/669\">Mu\u00f1oz\nPar\u00eds, Josefa<\/a> (Miembro) \n<\/p>\n\n\n\n<p><a href=\"http:\/\/brujula.ual.es\/authors\/695\">Nievas\nCazorla, Francisco<\/a> (Miembro) \n<\/p>\n\n\n\n<p><a href=\"http:\/\/brujula.ual.es\/authors\/1804\">Peralta\nS\u00e1nchez, Francisco Javier<\/a> (Miembro) \n<\/p>\n\n\n\n<p><a href=\"http:\/\/brujula.ual.es\/authors\/1971\">Sander,\nPaul<\/a> (Miembro) \n<\/p>\n\n\n\n<p><a href=\"http:\/\/brujula.ual.es\/authors\/1970\">S\u00e1nchez\nRoda, Mar\u00eda Dolores<\/a> (Colaborador) \n<\/p>\n\n\n\n<p><a href=\"http:\/\/brujula.ual.es\/authors\/3291\">Vera\nMart\u00ednez, Manuel Mariano<\/a> (Miembro) \n<\/p>\n\n\n\n<p class=\"has-text-color has-background has-medium-font-size has-very-light-gray-color has-pale-cyan-blue-background-color\"><strong><a href=\"https:\/\/ceinsaual.com\/es\/lineas-de-investigacion\/hum-746-investigacion-psicoeducativa-y-psicopedagogica\/\">L\u00edneas de Investigaci\u00f3n<\/a><\/strong><\/p>\n\n\n\n<p class=\"has-text-color has-background has-medium-font-size has-very-light-gray-color has-vivid-cyan-blue-background-color\">M\u00e1s informaci\u00f3n: <a href=\"http:\/\/brujula.ual.es\/research-groups\/4-investigacion-psicoeducativa-y-psicopedagogica\" target=\"_blank\" rel=\"noreferrer noopener\" aria-label=\"www.brujula.ual.es (abre en una nueva pesta\u00f1a)\">www.brujula.ual.es<\/a><\/p>\n","protected":false},"excerpt":{"rendered":"<p>El grupo de Investigaci\u00f3n HUM-746, es un Grupo de Investigaci\u00f3n  pionero en la cadena de valor I+D+i. A partir de sus l\u00edneas de  investigaci\u00f3n, centradas en diversos t\u00f3picos psicoeducativos <\/p>\n","protected":false},"author":1,"featured_media":1091,"parent":472,"menu_order":6,"comment_status":"closed","ping_status":"closed","template":"","meta":{"footnotes":"","_links_to":"","_links_to_target":""},"class_list":["post-780","page","type-page","status-publish","has-post-thumbnail","hentry"],"_links":{"self":[{"href":"https:\/\/ceinsaual.com\/es\/wp-json\/wp\/v2\/pages\/780","targetHints":{"allow":["GET"]}}],"collection":[{"href":"https:\/\/ceinsaual.com\/es\/wp-json\/wp\/v2\/pages"}],"about":[{"href":"https:\/\/ceinsaual.com\/es\/wp-json\/wp\/v2\/types\/page"}],"author":[{"embeddable":true,"href":"https:\/\/ceinsaual.com\/es\/wp-json\/wp\/v2\/users\/1"}],"replies":[{"embeddable":true,"href":"https:\/\/ceinsaual.com\/es\/wp-json\/wp\/v2\/comments?post=780"}],"version-history":[{"count":3,"href":"https:\/\/ceinsaual.com\/es\/wp-json\/wp\/v2\/pages\/780\/revisions"}],"predecessor-version":[{"id":1144,"href":"https:\/\/ceinsaual.com\/es\/wp-json\/wp\/v2\/pages\/780\/revisions\/1144"}],"up":[{"embeddable":true,"href":"https:\/\/ceinsaual.com\/es\/wp-json\/wp\/v2\/pages\/472"}],"wp:featuredmedia":[{"embeddable":true,"href":"https:\/\/ceinsaual.com\/es\/wp-json\/wp\/v2\/media\/1091"}],"wp:attachment":[{"href":"https:\/\/ceinsaual.com\/es\/wp-json\/wp\/v2\/media?parent=780"}],"curies":[{"name":"wp","href":"https:\/\/api.w.org\/{rel}","templated":true}]}}