{"id":790,"date":"2019-09-11T16:24:23","date_gmt":"2019-09-11T14:24:23","guid":{"rendered":"https:\/\/ceinsaual.com\/es\/?page_id=790"},"modified":"2023-03-08T13:53:20","modified_gmt":"2023-03-08T11:53:20","slug":"hum-878","status":"publish","type":"page","link":"https:\/\/ceinsaual.com\/es\/grupos-paidi\/hum-878\/","title":{"rendered":"HUM-878: Desarrollo Humano e Intervenci\u00f3n Socioeducativa"},"content":{"rendered":"\n<p class=\"has-luminous-vivid-orange-color has-text-color has-medium-font-size\"><a rel=\"noreferrer noopener\" href=\"http:\/\/brujula.ual.es\/research-groups\/27-desarrollo-humano-e-intervencion-socioeducativa\" target=\"_blank\">Desarrollo Humano e Intervenci\u00f3n Socioeducativa<\/a><\/p>\n\n\n\n<p class=\"has-medium-font-size\">Miembros<\/p>\n\n\n\n<p><a href=\"http:\/\/brujula.ual.es\/authors\/11\">Aguilar Parra, Jos\u00e9 Manuel<\/a> (Investigador Principal)  <\/p>\n\n\n\n<p><a href=\"http:\/\/brujula.ual.es\/authors\/37\">\u00c1lvarez Hern\u00e1ndez, Joaqu\u00edn<\/a> (Miembro)<\/p>\n\n\n\n<p><a href=\"https:\/\/brujula.ual.es\/authors\/3723.html\">Asensio Ram\u00f3n, Jorge<\/a> (Miembro)<\/p>\n\n\n\n<p><a href=\"https:\/\/brujula.ual.es\/authors\/4423.html\">Collado Soler, Roc\u00edo<\/a> (Miembro)<\/p>\n\n\n\n<p><a href=\"http:\/\/brujula.ual.es\/authors\/264\">Fern\u00e1ndez Campoy, Juan Miguel<\/a> (Miembro)  <\/p>\n\n\n\n<p><a href=\"https:\/\/brujula.ual.es\/authors\/308.html\">Franco Justo, Clemente<\/a> (Miembro)<\/p>\n\n\n\n<p><a href=\"https:\/\/brujula.ual.es\/authors\/1703.html\">Guti\u00e9rrez \u00c1ngel, Nieves<\/a> (Miembro)<\/p>\n\n\n\n<p><a href=\"https:\/\/brujula.ual.es\/authors\/4159.html\">L\u00f3pez Chamorro, Jos\u00e9 Mar\u00eda<\/a> (Miembro)<\/p>\n\n\n\n<p><a href=\"https:\/\/brujula.ual.es\/authors\/3664.html\">Manzano Le\u00f3n, Ana<\/a> (Miembro) <\/p>\n\n\n\n<p><a href=\"http:\/\/brujula.ual.es\/authors\/3413\">Salguero\nGarc\u00eda, Dario<\/a> (Miembro) \n<\/p>\n\n\n\n<p><a href=\"http:\/\/brujula.ual.es\/authors\/1818\">Trigueros\nRamos, Rub\u00e9n<\/a> (Miembro) \n<\/p>\n\n\n\n<p> <\/p>\n\n\n\n<p class=\"has-very-light-gray-color has-pale-cyan-blue-background-color has-text-color has-background has-medium-font-size\"><strong><a href=\"https:\/\/ceinsaual.com\/es\/lineas-de-investigacion\/hum-878-desarrollo-humano-e-intervencion-socioeducativa\/\">L\u00edneas de Investigaci\u00f3n<\/a><\/strong><\/p>\n\n\n\n<p class=\"has-very-light-gray-color has-vivid-cyan-blue-background-color has-text-color has-background has-medium-font-size\">M\u00e1s informaci\u00f3n: <a href=\"http:\/\/brujula.ual.es\/research-groups\/27-desarrollo-humano-e-intervencion-socioeducativa\" target=\"_blank\" rel=\"noreferrer noopener\" aria-label=\"www.brujula.ual.es (abre en una nueva pesta\u00f1a)\">www.brujula.ual.es<\/a><\/p>\n","protected":false},"excerpt":{"rendered":"<p>El grupo \u00abDesarrollo humano e intervenci\u00f3n socioeducativa\u00bb pertenece al \u00e1rea tem\u00e1tica \u00abHumanidades\u00bb del Plan Andaluz de Investigaci\u00f3n.<\/p>\n","protected":false},"author":1,"featured_media":528,"parent":472,"menu_order":10,"comment_status":"closed","ping_status":"closed","template":"","meta":{"footnotes":"","_links_to":"","_links_to_target":""},"class_list":["post-790","page","type-page","status-publish","has-post-thumbnail","hentry"],"_links":{"self":[{"href":"https:\/\/ceinsaual.com\/es\/wp-json\/wp\/v2\/pages\/790","targetHints":{"allow":["GET"]}}],"collection":[{"href":"https:\/\/ceinsaual.com\/es\/wp-json\/wp\/v2\/pages"}],"about":[{"href":"https:\/\/ceinsaual.com\/es\/wp-json\/wp\/v2\/types\/page"}],"author":[{"embeddable":true,"href":"https:\/\/ceinsaual.com\/es\/wp-json\/wp\/v2\/users\/1"}],"replies":[{"embeddable":true,"href":"https:\/\/ceinsaual.com\/es\/wp-json\/wp\/v2\/comments?post=790"}],"version-history":[{"count":4,"href":"https:\/\/ceinsaual.com\/es\/wp-json\/wp\/v2\/pages\/790\/revisions"}],"predecessor-version":[{"id":1703,"href":"https:\/\/ceinsaual.com\/es\/wp-json\/wp\/v2\/pages\/790\/revisions\/1703"}],"up":[{"embeddable":true,"href":"https:\/\/ceinsaual.com\/es\/wp-json\/wp\/v2\/pages\/472"}],"wp:featuredmedia":[{"embeddable":true,"href":"https:\/\/ceinsaual.com\/es\/wp-json\/wp\/v2\/media\/528"}],"wp:attachment":[{"href":"https:\/\/ceinsaual.com\/es\/wp-json\/wp\/v2\/media?parent=790"}],"curies":[{"name":"wp","href":"https:\/\/api.w.org\/{rel}","templated":true}]}}