{"id":794,"date":"2019-09-11T16:29:55","date_gmt":"2019-09-11T14:29:55","guid":{"rendered":"https:\/\/ceinsaual.com\/es\/?page_id=794"},"modified":"2020-03-10T13:18:58","modified_gmt":"2020-03-10T11:18:58","slug":"hum-923","status":"publish","type":"page","link":"https:\/\/ceinsaual.com\/es\/grupos-paidi\/hum-923\/","title":{"rendered":"HUM-923: Investigaci\u00f3n en Psicolog\u00eda del Trabajo, Organizaciones y RRHH de Almer\u00eda"},"content":{"rendered":"\n<p class=\"has-text-color has-medium-font-size has-luminous-vivid-orange-color\"><a rel=\"noreferrer noopener\" href=\"http:\/\/brujula.ual.es\/research-groups\/124-investigacion-en-psicologia-del-trabajo--organizaciones-y-rrhh-de-almeria-\" target=\"_blank\">Investigaci\u00f3n en Psicolog\u00eda del Trabajo, Organizaciones y Recursos Humanos de Almer\u00eda<\/a><\/p>\n\n\n\n<p class=\"has-medium-font-size\">Miembros<\/p>\n\n\n\n<p><a href=\"http:\/\/brujula.ual.es\/authors\/3414\">Alcaraz\nPardo, Luis<\/a> (Miembro) \n<\/p>\n\n\n\n<p><a href=\"http:\/\/brujula.ual.es\/authors\/3415\">De\nlos R\u00edos Porras, M\u00aa Jos\u00e9<\/a> (Miembro) \n<\/p>\n\n\n\n<p><a href=\"http:\/\/brujula.ual.es\/authors\/233\">D\u00edaz\nF\u00fanez, Pedro Antonio<\/a> (Miembro) \n<\/p>\n\n\n\n<p><a href=\"http:\/\/brujula.ual.es\/authors\/3416\">Galera\nGarc\u00eda, Alberto<\/a> (Miembro) \n<\/p>\n\n\n\n<p><a href=\"http:\/\/brujula.ual.es\/authors\/3417\">Garc\u00eda\nTortosa, Natalia<\/a> (Miembro) \n<\/p>\n\n\n\n<p><a href=\"http:\/\/brujula.ual.es\/authors\/507\">Llopis\nMar\u00edn, Juan Manuel<\/a> (Miembro) \n<\/p>\n\n\n\n<p><a href=\"http:\/\/brujula.ual.es\/authors\/3418\">Mart\u00ednez\nAyala, Luis<\/a> (Miembro) \n<\/p>\n\n\n\n<p><a href=\"http:\/\/brujula.ual.es\/authors\/3614\">Mart\u00ednez\nD\u00edaz, Ana Mar\u00eda<\/a> (Miembro) \n<\/p>\n\n\n\n<p><a href=\"http:\/\/brujula.ual.es\/authors\/567\">Ma\u00f1as\nRodr\u00edguez, Miguel \u00c1ngel<\/a> (Investigador Principal) \n<\/p>\n\n\n\n<p><a href=\"http:\/\/brujula.ual.es\/authors\/3419\">Pecino\nMedina, Vicente<\/a> (Miembro) \n<\/p>\n\n\n\n<p><a href=\"http:\/\/brujula.ual.es\/authors\/887\">Salvador\nFerrer, Carmen Mar\u00eda<\/a> (Miembro) \n<\/p>\n\n\n\n<p><a href=\"http:\/\/brujula.ual.es\/authors\/3420\">Soto\nRico, Mar\u00eda Rosario<\/a> (Miembro) \n<\/p>\n\n\n\n<p class=\"has-text-color has-background has-medium-font-size has-very-light-gray-color has-pale-cyan-blue-background-color\"><strong><a href=\"https:\/\/ceinsaual.com\/es\/lineas-de-investigacion\/hum-923-investigacion-en-psicologia-del-trabajo-organizaciones-y-recursos-humanos-de-almeria\/\">L\u00edneas de Investigaci\u00f3n<\/a><\/strong><\/p>\n\n\n\n<p class=\"has-text-color has-background has-medium-font-size has-very-light-gray-color has-vivid-cyan-blue-background-color\">M\u00e1s informaci\u00f3n: <a href=\"http:\/\/brujula.ual.es\/research-groups\/124-investigacion-en-psicologia-del-trabajo--organizaciones-y-rrhh-de-almeria-\" target=\"_blank\" rel=\"noreferrer noopener\" aria-label=\"www.brujula.ual.es (abre en una nueva pesta\u00f1a)\">www.brujula.ual.es<\/a><\/p>\n","protected":false},"excerpt":{"rendered":"<p>IPTORA es un Grupo de Investigaci\u00f3n de la Universidad de Almer\u00eda en el \u00e1mbito de la Psicolog\u00eda del Trabajo, las Organizaciones y los Recursos Humanos (HUM-923).<\/p>\n","protected":false},"author":1,"featured_media":832,"parent":472,"menu_order":12,"comment_status":"closed","ping_status":"closed","template":"","meta":{"footnotes":"","_links_to":"","_links_to_target":""},"class_list":["post-794","page","type-page","status-publish","has-post-thumbnail","hentry"],"_links":{"self":[{"href":"https:\/\/ceinsaual.com\/es\/wp-json\/wp\/v2\/pages\/794","targetHints":{"allow":["GET"]}}],"collection":[{"href":"https:\/\/ceinsaual.com\/es\/wp-json\/wp\/v2\/pages"}],"about":[{"href":"https:\/\/ceinsaual.com\/es\/wp-json\/wp\/v2\/types\/page"}],"author":[{"embeddable":true,"href":"https:\/\/ceinsaual.com\/es\/wp-json\/wp\/v2\/users\/1"}],"replies":[{"embeddable":true,"href":"https:\/\/ceinsaual.com\/es\/wp-json\/wp\/v2\/comments?post=794"}],"version-history":[{"count":4,"href":"https:\/\/ceinsaual.com\/es\/wp-json\/wp\/v2\/pages\/794\/revisions"}],"predecessor-version":[{"id":1152,"href":"https:\/\/ceinsaual.com\/es\/wp-json\/wp\/v2\/pages\/794\/revisions\/1152"}],"up":[{"embeddable":true,"href":"https:\/\/ceinsaual.com\/es\/wp-json\/wp\/v2\/pages\/472"}],"wp:featuredmedia":[{"embeddable":true,"href":"https:\/\/ceinsaual.com\/es\/wp-json\/wp\/v2\/media\/832"}],"wp:attachment":[{"href":"https:\/\/ceinsaual.com\/es\/wp-json\/wp\/v2\/media?parent=794"}],"curies":[{"name":"wp","href":"https:\/\/api.w.org\/{rel}","templated":true}]}}