{"id":826,"date":"2019-09-12T11:32:51","date_gmt":"2019-09-12T09:32:51","guid":{"rendered":"https:\/\/ceinsaual.com\/es\/?page_id=826"},"modified":"2019-09-12T16:19:51","modified_gmt":"2019-09-12T14:19:51","slug":"hum-891-investigacion-en-neurociencia-cognitiva","status":"publish","type":"page","link":"https:\/\/ceinsaual.com\/es\/lineas-de-investigacion\/hum-891-investigacion-en-neurociencia-cognitiva\/","title":{"rendered":"HUM-891: Investigaci\u00f3n en Neurociencia Cognitiva"},"content":{"rendered":"\n<p class=\"has-medium-font-size\"> El grupo \u00abInvestigaci\u00f3n en neurociencia cognitiva\u00bb pertenece al \u00e1rea tem\u00e1tica \u00abHumanidades\u00bb del Plan Andaluz de Investigaci\u00f3n. <\/p>\n\n\n\n<h3 class=\"wp-block-heading\">L\u00edneas de Investigaci\u00f3n<\/h3>\n\n\n\n<ul class=\"wp-block-list\"><li>Atenci\u00f3n ejecutiva y memoria de trabajo<\/li><li>D\u00e9ficit atencionales en pacientes neurol\u00f3gicos y psiqui\u00e1tricos.<\/li><li>Diferencias cualitativas entre percepci\u00f3n consciente y no-consciente.<\/li><li>Efecto de consecuencias diferenciales<\/li><li>Estudio de las funciones cognitivas b\u00e1sicas en ni\u00f1os y personas de la tercera edad.<\/li><li>Mecanismos excitatorios e inhibitorios de la atenci\u00f3n visual<\/li><\/ul>\n\n\n\n<p class=\"has-text-color has-background has-medium-font-size has-very-light-gray-color has-pale-cyan-blue-background-color\"><strong><a href=\"https:\/\/ceinsaual.com\/es\/grupos-paidi\/hum-891\/\">Miembros<\/a><\/strong><\/p>\n\n\n\n<p class=\"has-text-color has-background has-medium-font-size has-very-light-gray-color has-vivid-cyan-blue-background-color\"> M\u00e1s informaci\u00f3n:  <a href=\"http:\/\/cvirtual.ual.es\/webual\/jsp\/investigacion\/nuevo\/pInicio.jsp?id_grupo=HUM891\" target=\"_blank\" rel=\"noreferrer noopener\" aria-label=\" (abre en una nueva pesta\u00f1a)\">cvirtual.ual.es<\/a><\/p>\n","protected":false},"excerpt":{"rendered":"<p> El grupo \u00abInvestigaci\u00f3n en neurociencia cognitiva\u00bb pertenece al \u00e1rea tem\u00e1tica \u00abHumanidades\u00bb del Plan Andaluz de Investigaci\u00f3n. <\/p>\n","protected":false},"author":1,"featured_media":828,"parent":710,"menu_order":11,"comment_status":"closed","ping_status":"closed","template":"","meta":{"footnotes":"","_links_to":"","_links_to_target":""},"class_list":["post-826","page","type-page","status-publish","has-post-thumbnail","hentry"],"_links":{"self":[{"href":"https:\/\/ceinsaual.com\/es\/wp-json\/wp\/v2\/pages\/826","targetHints":{"allow":["GET"]}}],"collection":[{"href":"https:\/\/ceinsaual.com\/es\/wp-json\/wp\/v2\/pages"}],"about":[{"href":"https:\/\/ceinsaual.com\/es\/wp-json\/wp\/v2\/types\/page"}],"author":[{"embeddable":true,"href":"https:\/\/ceinsaual.com\/es\/wp-json\/wp\/v2\/users\/1"}],"replies":[{"embeddable":true,"href":"https:\/\/ceinsaual.com\/es\/wp-json\/wp\/v2\/comments?post=826"}],"version-history":[{"count":3,"href":"https:\/\/ceinsaual.com\/es\/wp-json\/wp\/v2\/pages\/826\/revisions"}],"predecessor-version":[{"id":979,"href":"https:\/\/ceinsaual.com\/es\/wp-json\/wp\/v2\/pages\/826\/revisions\/979"}],"up":[{"embeddable":true,"href":"https:\/\/ceinsaual.com\/es\/wp-json\/wp\/v2\/pages\/710"}],"wp:featuredmedia":[{"embeddable":true,"href":"https:\/\/ceinsaual.com\/es\/wp-json\/wp\/v2\/media\/828"}],"wp:attachment":[{"href":"https:\/\/ceinsaual.com\/es\/wp-json\/wp\/v2\/media?parent=826"}],"curies":[{"name":"wp","href":"https:\/\/api.w.org\/{rel}","templated":true}]}}