{"id":831,"date":"2019-09-12T11:59:53","date_gmt":"2019-09-12T09:59:53","guid":{"rendered":"https:\/\/ceinsaual.com\/es\/?page_id=831"},"modified":"2019-09-12T16:19:57","modified_gmt":"2019-09-12T14:19:57","slug":"hum-923-investigacion-en-psicologia-del-trabajo-organizaciones-y-recursos-humanos-de-almeria","status":"publish","type":"page","link":"https:\/\/ceinsaual.com\/es\/lineas-de-investigacion\/hum-923-investigacion-en-psicologia-del-trabajo-organizaciones-y-recursos-humanos-de-almeria\/","title":{"rendered":"HUM-923: Investigaci\u00f3n en Psicolog\u00eda del Trabajo, Organizaciones y RRHH de Almer\u00eda"},"content":{"rendered":"\n<p class=\"has-medium-font-size\">IPTORA es un&nbsp;Grupo de Investigaci\u00f3n de la Universidad de Almer\u00eda en el \u00e1mbito de la Psicolog\u00eda del Trabajo, las Organizaciones y los Recursos Humanos (HUM-923).<\/p>\n\n\n\n<p>Tiene como principal l\u00ednea de investigaci\u00f3n, dentro de esta \u00e1rea de la Psicolog\u00eda de los Recursos Humanos, el diagn\u00f3stico, evaluaci\u00f3n y tratamiento de los diferentes procesos organizacionales y, especialmente, del clima de trabajo y la gesti\u00f3n del conflicto por parte de los directivos, con la finalidad de que sean capaces de suscitar la satisfacci\u00f3n de los trabajadores, mejorar el bienestar psicol\u00f3gico y la comunicaci\u00f3n interna y externa a todos sus niveles, as\u00ed como el compromiso de las personas que en ellas se ubican y que se encuentran en procesos de innovaci\u00f3n y cambio y que pretenden progresar hacia la mejora institucional y organizacional.<\/p>\n\n\n\n<h3 class=\"wp-block-heading\">L\u00ednea de Investigaci\u00f3n<\/h3>\n\n\n\n<ul class=\"wp-block-list\"><li>Metodolog\u00eda en los servicios sociales y organizacionales<\/li><li>Prevenci\u00f3n de riesgos psicosociales en el trabajo<\/li><li>Psicolog\u00eda social, del trabajo y de las organizaciones y de los rrhh<\/li><\/ul>\n\n\n\n<p class=\"has-text-color has-background has-medium-font-size has-very-light-gray-color has-pale-cyan-blue-background-color\"><strong><a href=\"https:\/\/ceinsaual.com\/es\/grupos-paidi\/hum-923\/\">Miembros<\/a><\/strong><\/p>\n\n\n\n<p class=\"has-text-color has-background has-medium-font-size has-very-light-gray-color has-vivid-cyan-blue-background-color\"> M\u00e1s informaci\u00f3n:\u00a0<a href=\"http:\/\/cvirtual.ual.es\/webual\/jsp\/investigacion\/nuevo\/pConocenos.jsp?id_grupo=HUM923&amp;idioma=es\" target=\"_blank\" rel=\"noreferrer noopener\" aria-label=\" (abre en una nueva pesta\u00f1a)\">cvirtual.ual.es<\/a><\/p>\n","protected":false},"excerpt":{"rendered":"<p>IPTORA es un Grupo de Investigaci\u00f3n de la Universidad de Almer\u00eda en el \u00e1mbito de la Psicolog\u00eda del Trabajo, las Organizaciones y los Recursos Humanos (HUM-923).<\/p>\n","protected":false},"author":1,"featured_media":832,"parent":710,"menu_order":12,"comment_status":"closed","ping_status":"closed","template":"","meta":{"footnotes":"","_links_to":"","_links_to_target":""},"class_list":["post-831","page","type-page","status-publish","has-post-thumbnail","hentry"],"_links":{"self":[{"href":"https:\/\/ceinsaual.com\/es\/wp-json\/wp\/v2\/pages\/831","targetHints":{"allow":["GET"]}}],"collection":[{"href":"https:\/\/ceinsaual.com\/es\/wp-json\/wp\/v2\/pages"}],"about":[{"href":"https:\/\/ceinsaual.com\/es\/wp-json\/wp\/v2\/types\/page"}],"author":[{"embeddable":true,"href":"https:\/\/ceinsaual.com\/es\/wp-json\/wp\/v2\/users\/1"}],"replies":[{"embeddable":true,"href":"https:\/\/ceinsaual.com\/es\/wp-json\/wp\/v2\/comments?post=831"}],"version-history":[{"count":4,"href":"https:\/\/ceinsaual.com\/es\/wp-json\/wp\/v2\/pages\/831\/revisions"}],"predecessor-version":[{"id":980,"href":"https:\/\/ceinsaual.com\/es\/wp-json\/wp\/v2\/pages\/831\/revisions\/980"}],"up":[{"embeddable":true,"href":"https:\/\/ceinsaual.com\/es\/wp-json\/wp\/v2\/pages\/710"}],"wp:featuredmedia":[{"embeddable":true,"href":"https:\/\/ceinsaual.com\/es\/wp-json\/wp\/v2\/media\/832"}],"wp:attachment":[{"href":"https:\/\/ceinsaual.com\/es\/wp-json\/wp\/v2\/media?parent=831"}],"curies":[{"name":"wp","href":"https:\/\/api.w.org\/{rel}","templated":true}]}}