{"id":842,"date":"2019-09-12T12:34:14","date_gmt":"2019-09-12T10:34:14","guid":{"rendered":"https:\/\/ceinsaual.com\/es\/?page_id=842"},"modified":"2022-07-05T13:46:18","modified_gmt":"2022-07-05T11:46:18","slug":"cts-451-ciencias-de-la-salud","status":"publish","type":"page","link":"https:\/\/ceinsaual.com\/es\/lineas-de-investigacion\/cts-451-ciencias-de-la-salud\/","title":{"rendered":"CTS-451: Ciencias de la Salud"},"content":{"rendered":"\n<br><br>\n<p class=\"has-medium-font-size\"> El grupo \u00abCiencias de la salud\u00bb pertenece al \u00e1rea tem\u00e1tica \u00abCiencias y t\u00e9cnicas de la salud\u00bb del Plan Andaluz de Investigaci\u00f3n. <\/p>\n\n\n\n<h3 class=\"wp-block-heading\">L\u00edneas de Investigaci\u00f3n<\/h3>\n\n\n\n<ul class=\"wp-block-list\"><li>An\u00e1lisis \u00e9tico y epistemol\u00f3gico en ciencias de la salud<\/li><li>Aspectos clinicos de la enfermedad cr\u00f3nica<\/li><li>Coloproctolog\u00eda<\/li><li>Comunicaci\u00f3n en ciencias de la salud<\/li><li>Cuidados al final de la vida<\/li><li>Enfermer\u00eda cl\u00ednica.<\/li><li>Ense\u00f1anza- aprendizaje en ciencias de la salud<\/li><li>Innovaci\u00f3n en fisioterapia<\/li><li>Intervenci\u00f3n comunitaria y metodolog\u00eda del cuidado.<\/li><li>Investigaci\u00f3n en sexolog\u00eda cl\u00ednica y educaci\u00f3n sexual<\/li><li>Obesidad<\/li><\/ul>\n\n\n\n<p class=\"has-text-color has-background has-medium-font-size has-very-light-gray-color has-pale-cyan-blue-background-color\"><strong><a href=\"https:\/\/ceinsaual.com\/es\/grupos-paidi\/cts-451\/\">Miembros<\/a><\/strong><\/p>\n\n\n\n<p class=\"has-text-color has-background has-medium-font-size has-very-light-gray-color has-vivid-cyan-blue-background-color\"> M\u00e1s informaci\u00f3n:\u00a0<a href=\"http:\/\/cvirtual.ual.es\/webual\/jsp\/investigacion\/nuevo\/pInicio.jsp?id_grupo=CTS451\" target=\"_blank\" rel=\"noreferrer noopener\" aria-label=\" (abre en una nueva pesta\u00f1a)\">cvirtual.ual.es<\/a><\/p>\n","protected":false},"excerpt":{"rendered":"<p>El grupo \u00abCiencias de la salud\u00bb pertenece al \u00e1rea tem\u00e1tica \u00abCiencias y t\u00e9cnicas de la salud\u00bb del Plan Andaluz de Investigaci\u00f3n.<\/p>\n","protected":false},"author":1,"featured_media":843,"parent":710,"menu_order":16,"comment_status":"closed","ping_status":"closed","template":"","meta":{"footnotes":"","_links_to":"","_links_to_target":""},"class_list":["post-842","page","type-page","status-publish","has-post-thumbnail","hentry"],"_links":{"self":[{"href":"https:\/\/ceinsaual.com\/es\/wp-json\/wp\/v2\/pages\/842","targetHints":{"allow":["GET"]}}],"collection":[{"href":"https:\/\/ceinsaual.com\/es\/wp-json\/wp\/v2\/pages"}],"about":[{"href":"https:\/\/ceinsaual.com\/es\/wp-json\/wp\/v2\/types\/page"}],"author":[{"embeddable":true,"href":"https:\/\/ceinsaual.com\/es\/wp-json\/wp\/v2\/users\/1"}],"replies":[{"embeddable":true,"href":"https:\/\/ceinsaual.com\/es\/wp-json\/wp\/v2\/comments?post=842"}],"version-history":[{"count":5,"href":"https:\/\/ceinsaual.com\/es\/wp-json\/wp\/v2\/pages\/842\/revisions"}],"predecessor-version":[{"id":983,"href":"https:\/\/ceinsaual.com\/es\/wp-json\/wp\/v2\/pages\/842\/revisions\/983"}],"up":[{"embeddable":true,"href":"https:\/\/ceinsaual.com\/es\/wp-json\/wp\/v2\/pages\/710"}],"wp:featuredmedia":[{"embeddable":true,"href":"https:\/\/ceinsaual.com\/es\/wp-json\/wp\/v2\/media\/843"}],"wp:attachment":[{"href":"https:\/\/ceinsaual.com\/es\/wp-json\/wp\/v2\/media?parent=842"}],"curies":[{"name":"wp","href":"https:\/\/api.w.org\/{rel}","templated":true}]}}