{"id":899,"date":"2019-09-12T13:55:20","date_gmt":"2019-09-12T11:55:20","guid":{"rendered":"https:\/\/ceinsaual.com\/es\/?page_id=899"},"modified":"2022-07-05T12:27:43","modified_gmt":"2022-07-05T10:27:43","slug":"ceinsa-ual-instalaciones","status":"publish","type":"page","link":"https:\/\/ceinsaual.com\/es\/ceinsa-ual-instalaciones\/","title":{"rendered":"CEINSA\/UAL \u2013 INSTALACIONES"},"content":{"rendered":"\n<br><br>\n\n\n\n<p class=\"has-medium-font-size\">El centro dispone de una sede en el <strong><a href=\"https:\/\/ceinsaual.com\/es\/contacto\/\">Edificio Cient\u00edfico T\u00e9cnico V de la Universidad de Almer\u00eda<\/a><\/strong>, donde se localizan las oficinas del mismo. <\/p>\n\n\n\n<br><br>\n\n\n\n<p class=\"has-medium-font-size\">Los laboratorios est\u00e1n distribuidos entre los diferentes edificios experimentales, disponiendo cada grupo de investigaci\u00f3n de espacios asignados por la Universidad.<\/p>\n\n\n\n<br><br>\n\n\n\n<figure class=\"wp-block-image\"><img loading=\"lazy\" decoding=\"async\" width=\"1024\" height=\"429\" src=\"https:\/\/ceinsaual.com\/es\/wp-content\/uploads\/2019\/07\/panoramica-1024x429.jpg\" alt=\"\" class=\"wp-image-540\" srcset=\"https:\/\/ceinsaual.com\/es\/wp-content\/uploads\/2019\/07\/panoramica-1024x429.jpg 1024w, https:\/\/ceinsaual.com\/es\/wp-content\/uploads\/2019\/07\/panoramica-300x126.jpg 300w, https:\/\/ceinsaual.com\/es\/wp-content\/uploads\/2019\/07\/panoramica-768x322.jpg 768w, https:\/\/ceinsaual.com\/es\/wp-content\/uploads\/2019\/07\/panoramica.jpg 1920w\" sizes=\"auto, (max-width: 1024px) 100vw, 1024px\" \/><\/figure>\n","protected":false},"excerpt":{"rendered":"<p>El centro dispone de una sede en el Edificio Cient\u00edfico T\u00e9cnico V de la Universidad de Almer\u00eda, donde se localizan las oficinas del mismo. Los laboratorios est\u00e1n distribuidos entre los diferentes edificios experimentales, disponiendo cada grupo de investigaci\u00f3n de espacios asignados por la Universidad.<\/p>\n","protected":false},"author":1,"featured_media":918,"parent":0,"menu_order":0,"comment_status":"closed","ping_status":"closed","template":"","meta":{"footnotes":"","_links_to":"","_links_to_target":""},"class_list":["post-899","page","type-page","status-publish","has-post-thumbnail","hentry"],"_links":{"self":[{"href":"https:\/\/ceinsaual.com\/es\/wp-json\/wp\/v2\/pages\/899","targetHints":{"allow":["GET"]}}],"collection":[{"href":"https:\/\/ceinsaual.com\/es\/wp-json\/wp\/v2\/pages"}],"about":[{"href":"https:\/\/ceinsaual.com\/es\/wp-json\/wp\/v2\/types\/page"}],"author":[{"embeddable":true,"href":"https:\/\/ceinsaual.com\/es\/wp-json\/wp\/v2\/users\/1"}],"replies":[{"embeddable":true,"href":"https:\/\/ceinsaual.com\/es\/wp-json\/wp\/v2\/comments?post=899"}],"version-history":[{"count":12,"href":"https:\/\/ceinsaual.com\/es\/wp-json\/wp\/v2\/pages\/899\/revisions"}],"predecessor-version":[{"id":1616,"href":"https:\/\/ceinsaual.com\/es\/wp-json\/wp\/v2\/pages\/899\/revisions\/1616"}],"wp:featuredmedia":[{"embeddable":true,"href":"https:\/\/ceinsaual.com\/es\/wp-json\/wp\/v2\/media\/918"}],"wp:attachment":[{"href":"https:\/\/ceinsaual.com\/es\/wp-json\/wp\/v2\/media?parent=899"}],"curies":[{"name":"wp","href":"https:\/\/api.w.org\/{rel}","templated":true}]}}