{"id":943,"date":"2019-09-12T15:46:55","date_gmt":"2019-09-12T13:46:55","guid":{"rendered":"https:\/\/ceinsaual.com\/es\/?page_id=943"},"modified":"2022-09-28T10:54:58","modified_gmt":"2022-09-28T08:54:58","slug":"proyectos-de-investigacion-financiados","status":"publish","type":"page","link":"https:\/\/ceinsaual.com\/es\/proyectos-de-investigacion-financiados\/","title":{"rendered":"Proyectos de Investigaci\u00f3n Financiados"},"content":{"rendered":"\n<br><br>\n\n\n\n<p class=\"has-vivid-cyan-blue-color has-text-color has-medium-font-size\">Empowering nurses and healthcare professionals to promote vaccination and tackle vaccine hesitancy.&nbsp;IENE 11 PROVAC<\/p>\n\n\n\n<figure class=\"wp-block-table\"><table><tbody><tr><td>Investigadores<br>Responsables<\/td><td><strong>Dra. Remedios L\u00f3pez Liria \/Dra. Patricia Rocamora P\u00e9rez<\/strong><\/td><\/tr><tr><td>Entidad<br>Financiadora<\/td><td><strong>Comisi\u00f3n Europea. Programa Erasmus+, Key Action 2: Strategic Partnerships<\/strong><\/td><\/tr><tr><td>M\u00e1s informaci\u00f3n<\/td><td><a href=\"https:\/\/ceinsaual.com\/es\/wp-content\/uploads\/2022\/07\/31.05-IENE-11-Leaflet_Spanish.es_.pdf\"><img loading=\"lazy\" decoding=\"async\" width=\"25\" height=\"31\" class=\"wp-image-1238\" style=\"width: 25px;\" src=\"https:\/\/ceinsaual.com\/es\/wp-content\/uploads\/2020\/06\/1200px-PDF_file_icon.png\" alt=\"\">   31.05 IENE 11 Leaflet_Spanish.es.pdf<\/a><\/td><\/tr><\/tbody><\/table><\/figure>\n\n\n\n<br><br>\n\n\n\n<p class=\"has-vivid-cyan-blue-color has-text-color has-medium-font-size\">Certified training for Silver Caregivers. CT4SILVERCAREGIVERS<\/p>\n\n\n\n<figure class=\"wp-block-table\"><table><tbody><tr><td>Investigadores<br>Responsables<\/td><td><strong>Dra. Remedios L\u00f3pez Liria \/Dr. Jos\u00e9 M. Aguilar Parra<\/strong><\/td><\/tr><tr><td>Entidad<br>Financiadora<\/td><td><strong>Comisi\u00f3n Europea. Programa Erasmus+, Key Action 2: Strategic Partnerships<\/strong><\/td><\/tr><tr><td>M\u00e1s informaci\u00f3n<\/td><td><a href=\"https:\/\/ceinsaual.com\/es\/wp-content\/uploads\/2022\/09\/CT4SCG_3rd-Newsletter_Spanish.UAL_.pdf\" data-type=\"URL\"><img loading=\"lazy\" decoding=\"async\" width=\"25\" height=\"31\" class=\"wp-image-1238\" style=\"width: 25px;\" src=\"https:\/\/ceinsaual.com\/es\/wp-content\/uploads\/2020\/06\/1200px-PDF_file_icon.png\" alt=\"\"><\/a> <a href=\"https:\/\/ceinsaual.com\/es\/wp-content\/uploads\/2022\/09\/CT4SCG_3rd-Newsletter_Spanish.UAL_.pdf\">CT4SCG_3rd Newsletter_Spanish.UAL<\/a><a href=\"https:\/\/ceinsaual.com\/es\/wp-content\/uploads\/2022\/09\/CT4SCG_3rd-Newsletter_Spanish.UAL_.pdf\" data-type=\"URL\"><\/a><\/td><\/tr><\/tbody><\/table><\/figure>\n\n\n\n<br><br>\n\n\n\n<p class=\"has-vivid-cyan-blue-color has-text-color has-medium-font-size\">Visitas de estudiantes de enfermer\u00eda a adultos mayores con m\u00faltiples enfermedades cr\u00f3nicas: efectos sobre el autocuidado y otras variables relacionadas<\/p>\n\n\n\n<figure class=\"wp-block-table\"><table><tbody><tr><td>Investigador<br>Responsable<\/td><td><strong>Dr. Jos\u00e9 Manuel Hern\u00e1ndez Padilla<\/strong><\/td><\/tr><tr><td>Entidad<br>Financiadora<\/td><td><strong>Ministerio de Ciencia e Innovaci\u00f3n<\/strong><\/td><\/tr><\/tbody><\/table><\/figure>\n\n\n\n<br><br>\n\n\n\n<p class=\"has-vivid-cyan-blue-color has-text-color has-medium-font-size\">ATENCI\u00d3N SOCIOSANITARIA A MIGRANTES IRREGULARES QUE LLEGAN POR MAR: ENFOQUE DE G\u00c9NERO, TRATA Y VULNERABILIDAD.<\/p>\n\n\n\n<figure class=\"wp-block-table\"><table><tbody><tr><td>Investigadores<br>Responsables<\/td><td><strong>Dr. Jos\u00e9 Granero Molina \/Dr. Cayetano Fern\u00e1ndez Sola<\/strong><\/td><\/tr><tr><td>Entidad<br>Financiadora<\/td><td><strong>Universidad de Almer\u00eda<\/strong><\/td><\/tr><\/tbody><\/table><\/figure>\n\n\n\n<br><br>\n\n\n\n<p class=\"has-vivid-cyan-blue-color has-text-color has-medium-font-size\"><a href=\"https:\/\/ceinsaual.com\/es\/proyectos-de-investigacion-financiados\/iene9-developing-a-culturally-competent-and-compasionate-lgtb-curriculum-in-health-and-social-care-education\/\"> Iene9 \u201cDeveloping a culturally competent and compasionate LGTB+ curriculum in health and social care education\u201d <\/a><\/p>\n\n\n\n<figure class=\"wp-block-table\"><table><tbody><tr><td>Investigador<br>Responsable<\/td><td><strong>Dra. Remedios L\u00f3pez Liria<\/strong><\/td><\/tr><tr><td>Entidad<br>Financiadora<\/td><td><strong>Comisi\u00f3n Europea. Erasmus+. Acciones KA2<\/strong><\/td><\/tr><tr><td><br>M\u00e1s informaci\u00f3n<\/td><td><br> <a href=\"https:\/\/ceinsaual.com\/es\/wp-content\/uploads\/2020\/06\/IENE-9-newsletter-no1-draft-V2-Esp.pdf\"><img loading=\"lazy\" decoding=\"async\" width=\"25\" height=\"31\" class=\"wp-image-1238\" style=\"width: 25px;\" src=\"https:\/\/ceinsaual.com\/es\/wp-content\/uploads\/2020\/06\/1200px-PDF_file_icon.png\" alt=\"\">   IENE 9 newsletter no1 draft V2 Esp<\/a><\/td><\/tr><\/tbody><\/table><\/figure>\n\n\n\n<br><br>\n\n\n\n<p class=\"has-vivid-cyan-blue-color has-text-color has-medium-font-size\">\n\nStigma.Stop-VR: Sensibilizaci\u00f3n hacia el estigma social en salud mental mediante un programa de realidad virtual \n\n<\/p>\n\n\n\n<figure class=\"wp-block-table\"><table><tbody><tr><td>Investigador<br>Responsable<\/td><td><strong>Dr. Adolfo Javier Cangas D\u00edaz<\/strong><\/td><\/tr><tr><td>Entidad<br>Financiadora<\/td><td><strong>Ministerio de Industria, Econom\u00eda y Competitividad<\/strong><\/td><\/tr><\/tbody><\/table><\/figure>\n\n\n\n<br><br>\n\n\n\n<p class=\"has-vivid-cyan-blue-color has-text-color has-medium-font-size\">\n\nCaracterizaci\u00f3n, p\u00e9rdida y conservaci\u00f3n de la dignidad al final de la vida en servicios de urgencias hospitalarias\n\n<\/p>\n\n\n\n<figure class=\"wp-block-table\"><table><tbody><tr><td>Investigador<br>Responsable<\/td><td><strong>Dr. Cayetano Fern\u00e1ndez Sola \/Dr. Jos\u00e9 Granero Molina<\/strong><\/td><\/tr><tr><td>Entidad<br>Financiadora<\/td><td><strong>Ministerio de Industria, Econom\u00eda y Competitividad<\/strong><\/td><\/tr><\/tbody><\/table><\/figure>\n\n\n\n<br><br>\n\n\n\n<p class=\"has-vivid-cyan-blue-color has-text-color has-medium-font-size\">\n\nInteracciones entre Control Atencional y Memoria de Trabajo: Investigaciones comportamentales y electrofisiol\u00f3gicas\n\n<\/p>\n\n\n\n<figure class=\"wp-block-table\"><table><tbody><tr><td>Investigador<br>Responsable<\/td><td><strong>Dr. Juan Jos\u00e9 Ortells Rodr\u00edguez<\/strong><\/td><\/tr><tr><td>Entidad<br>Financiadora<\/td><td><strong>Ministerio de Industria, Econom\u00eda y Competitividad<\/strong><\/td><\/tr><\/tbody><\/table><\/figure>\n\n\n\n<br><br>\n\n\n\n<p class=\"has-vivid-cyan-blue-color has-text-color has-medium-font-size\">\n\nEvaluacion electromiogr\u00e1fica y kinesiologica de los ejercicios realizados en los aparatos de acondicionamiento muscular\n\n<\/p>\n\n\n\n<figure class=\"wp-block-table\"><table><tbody><tr><td>Investigador<br>Responsable<\/td><td><strong>Dr. Jos\u00e9 Mar\u00eda Muyor Rodr\u00edguez<\/strong><\/td><\/tr><tr><td>Entidad<br>Financiadora<\/td><td><strong>Ministerio de Industria, Econom\u00eda y Competitividad<\/strong><\/td><\/tr><\/tbody><\/table><\/figure>\n\n\n\n<br><br>\n\n\n\n<p class=\"has-vivid-cyan-blue-color has-text-color has-medium-font-size\">\n\n\u00abEcosistema de la Vida\u00bb: Serious Game para Evaluaci\u00f3n e Intervenci\u00f3n Psicol\u00f3gica en Ni\u00f1os y Adolescentes con Problemas de Regulaci\u00f3n Emocional y sus biomarcadores\n\n<\/p>\n\n\n\n<figure class=\"wp-block-table\"><table><tbody><tr><td>Investigador<br>Responsable<\/td><td><strong>Dra. Inmaculada G\u00f3mez Becerra<\/strong><\/td><\/tr><tr><td>Entidad<br>Financiadora<\/td><td><strong>Consejer\u00eda de Salud, Junta de Andaluc\u00eda<\/strong><\/td><\/tr><\/tbody><\/table><\/figure>\n\n\n\n<br><br>\n\n\n\n<p class=\"has-vivid-cyan-blue-color has-text-color has-medium-font-size\">\n\nBienestar laboral sostenible aplicado a la Administraci\u00f3n P\u00fablica\n\n<\/p>\n\n\n\n<figure class=\"wp-block-table\"><table><tbody><tr><td>Investigador<br>Responsable<\/td><td><strong>Dr. Miguel \u00c1ngel Ma\u00f1as Rodr\u00edguez<\/strong><\/td><\/tr><tr><td> Entidad<br>Financiadora<\/td><td><strong>Instituto Andaluz de Prevenci\u00f3n de Riesgos Laborales<\/strong><\/td><\/tr><\/tbody><\/table><\/figure>\n\n\n\n<br><br>\n\n\n\n<p class=\"has-vivid-cyan-blue-color has-text-color has-medium-font-size\">\n\nAn\u00e1lisis jur\u00eddico y cuantitativo de la violencia en la infancia y adolescencia: Propuestas de intervenci\u00f3n sociolegal\n\n<\/p>\n\n\n\n<figure class=\"wp-block-table\"><table><tbody><tr><td> Investigador<br>Responsable <\/td><td><strong>Dr. Juan Garc\u00eda Garc\u00eda<\/strong><\/td><\/tr><tr><td>Entidad<br>Financiadora <\/td><td><strong>Ministerio de Industria, Econom\u00eda y Competitividad<\/strong><\/td><\/tr><\/tbody><\/table><\/figure>\n\n\n\n<br><br>\n\n\n\n<p><\/p>\n\n\n\n<p class=\"has-vivid-cyan-blue-color has-text-color has-medium-font-size\"> Efectos comparativos de un programa de E-salud en el abordaje terap\u00e9utico del dolor lumbar cr\u00f3nico: ensayo cl\u00ednico a doble ciego <\/p>\n\n\n\n<figure class=\"wp-block-table\"><table><tbody><tr><td> Investigador<br>Responsable <\/td><td><strong>Dra. M\u00aa Adelaida Castro S\u00e1nchez<\/strong><\/td><\/tr><tr><td>Entidad<br>Financiadora <\/td><td><strong>Junta de Andaluc\u00eda<\/strong><\/td><\/tr><\/tbody><\/table><\/figure>\n\n\n\n<br><br>\n\n\n\n<p><\/p>\n\n\n\n<p class=\"has-vivid-cyan-blue-color has-text-color has-medium-font-size\"> Beneficios de un Programa de Ejercicio y Electroestimulaci\u00f3n dirigido mediante un programa presencial en Pacientes con Dolor Lumbar Cr\u00f3nico<\/p>\n\n\n\n<figure class=\"wp-block-table\"><table><tbody><tr><td> Investigador<br>Responsable <\/td><td><strong>Dra. M\u00aa Adelaida Castro S\u00e1nchez<\/strong><\/td><\/tr><tr><td>Entidad<br>Financiadora <\/td><td><strong>Junta de Andaluc\u00eda<\/strong><\/td><\/tr><\/tbody><\/table><\/figure>\n\n\n\n<br><br>\n\n\n\n<p><\/p>\n\n\n\n<p class=\"has-vivid-cyan-blue-color has-text-color has-medium-font-size\">\n\n\n\n\n\n\n\n\nBeneficios\nde un Programa de Ejercicio y Electroestimulaci\u00f3n dirigido de forma domiciliaria en\nPacientes con Dolor Lumbar Cr\u00f3nico\n\n\n\n<\/p>\n\n\n\n<figure class=\"wp-block-table\"><table><tbody><tr><td> Investigador<br>Responsable <\/td><td><strong>Dra. M\u00aa Adelaida Castro S\u00e1nchez<\/strong><\/td><\/tr><tr><td>Entidad<br>Financiadora <\/td><td><strong>Junta de Andaluc\u00eda<\/strong><\/td><\/tr><\/tbody><\/table><\/figure>\n\n\n\n<br><br>\n\n\n\n<p><\/p>\n\n\n\n<p class=\"has-vivid-cyan-blue-color has-text-color has-medium-font-size\">\n\n\n\n\n\n\n\n\nProyecto\nE-CEPEDOL: Coste Utilidad de Programa de Telemedicina versus Programa\nPresencial en el Tratamiento del Dolor Lumbar Cr\u00f3nico\n\n\n\n<\/p>\n\n\n\n<figure class=\"wp-block-table\"><table><tbody><tr><td> Investigador<br>Responsable <\/td><td><strong>Dra. M\u00aa Adelaida Castro S\u00e1nchez<\/strong><\/td><\/tr><tr><td>Entidad<br>Financiadora <\/td><td><strong>Junta de Andaluc\u00eda<\/strong><\/td><\/tr><\/tbody><\/table><\/figure>\n\n\n\n<br><br>\n\n\n\n<p class=\"has-vivid-cyan-blue-color has-text-color has-medium-font-size\">\n\n\n\n\n\n\n\n\nHacia\nuna nueva caracterizaci\u00f3n y tratamiento de los transtornos del espectro impulsivo-compulsivo:\nUn enfoque traslacional\n\n\n\n<\/p>\n\n\n\n<figure class=\"wp-block-table\"><table><tbody><tr><td> Investigador<br>Responsable <\/td><td>  <strong>Dra. Margarita Moreno Montoya<\/strong><\/td><\/tr><tr><td>Entidad<br>Financiadora <\/td><td>  <strong>Ministerio de Industria, Econom\u00eda y Competitividad<\/strong> <\/td><\/tr><\/tbody><\/table><\/figure>\n\n\n\n<br><br>\n\n\n\n<p><\/p>\n\n\n\n<p class=\"has-vivid-cyan-blue-color has-text-color has-medium-font-size\">Correlatos\nneuro-biol\u00f3gicos\nde los des\u00f3rdenes del neurodesarrollo inducidos por factores gen\u00e9ticos o\nambientales<\/p>\n\n\n\n<figure class=\"wp-block-table\"><table><tbody><tr><td> Investigador<br>Responsable <\/td><td>  <strong>Dr<\/strong>.<strong> Fernando S\u00e1nchez Santed<\/strong><\/td><\/tr><tr><td>Entidad<br>Financiadora <\/td><td>  <strong>Ministerio de Industria, Econom\u00eda y Competitividad<\/strong> <\/td><\/tr><\/tbody><\/table><\/figure>\n\n\n\n<br><br>\n\n\n\n<p><\/p>\n\n\n\n<p class=\"has-vivid-cyan-blue-color has-text-color has-medium-font-size\">\n\n\n\n\n\n\n\n\nDin\u00e1mica\ncerebral en j\u00f3venes y adultos mayores durante la realizaci\u00f3n de tareas de\nmemoria especial y tareas ejecutivas. Caracterizaci\u00f3n de la relaci\u00f3n entre\nambos dominios\n\n\n\n<\/p>\n\n\n\n<figure class=\"wp-block-table\"><table><tbody><tr><td> Investigador<br>Responsable <\/td><td>  <strong>Dr. Jos\u00e9 Manuel Cimadevilla Redondo<\/strong><\/td><\/tr><tr><td>Entidad<br>Financiadora <\/td><td>  <strong>Ministerio de Industria, Econom\u00eda y Competitividad<\/strong> <\/td><\/tr><\/tbody><\/table><\/figure>\n","protected":false},"excerpt":{"rendered":"<p>Empowering nurses and healthcare professionals to promote vaccination and tackle vaccine hesitancy.&nbsp;IENE 11 PROVAC InvestigadoresResponsables Dra. Remedios L\u00f3pez Liria \/Dra. Patricia Rocamora P\u00e9rez EntidadFinanciadora Comisi\u00f3n Europea. Programa Erasmus+, Key Action 2: Strategic Partnerships M\u00e1s informaci\u00f3n 31.05 IENE 11 Leaflet_Spanish.es.pdf Certified training for Silver Caregivers. CT4SILVERCAREGIVERS InvestigadoresResponsables Dra. Remedios L\u00f3pez Liria \/Dr. Jos\u00e9 M. Aguilar Parra&hellip;<\/p>\n","protected":false},"author":1,"featured_media":0,"parent":0,"menu_order":0,"comment_status":"closed","ping_status":"closed","template":"","meta":{"footnotes":"","_links_to":"","_links_to_target":""},"class_list":["post-943","page","type-page","status-publish","hentry"],"_links":{"self":[{"href":"https:\/\/ceinsaual.com\/es\/wp-json\/wp\/v2\/pages\/943","targetHints":{"allow":["GET"]}}],"collection":[{"href":"https:\/\/ceinsaual.com\/es\/wp-json\/wp\/v2\/pages"}],"about":[{"href":"https:\/\/ceinsaual.com\/es\/wp-json\/wp\/v2\/types\/page"}],"author":[{"embeddable":true,"href":"https:\/\/ceinsaual.com\/es\/wp-json\/wp\/v2\/users\/1"}],"replies":[{"embeddable":true,"href":"https:\/\/ceinsaual.com\/es\/wp-json\/wp\/v2\/comments?post=943"}],"version-history":[{"count":31,"href":"https:\/\/ceinsaual.com\/es\/wp-json\/wp\/v2\/pages\/943\/revisions"}],"predecessor-version":[{"id":1682,"href":"https:\/\/ceinsaual.com\/es\/wp-json\/wp\/v2\/pages\/943\/revisions\/1682"}],"wp:attachment":[{"href":"https:\/\/ceinsaual.com\/es\/wp-json\/wp\/v2\/media?parent=943"}],"curies":[{"name":"wp","href":"https:\/\/api.w.org\/{rel}","templated":true}]}}